{"id":9815,"date":"2023-03-22T16:46:22","date_gmt":"2023-03-22T15:46:22","guid":{"rendered":"https:\/\/acsyslaser.com\/secteurs-dactivite\/"},"modified":"2025-11-07T14:37:21","modified_gmt":"2025-11-07T13:37:21","slug":"secteurs-dactivite","status":"publish","type":"page","link":"https:\/\/acsyslaser.com\/fr\/secteurs-dactivite\/","title":{"rendered":"Secteurs d&rsquo;activit\u00e9"},"content":{"rendered":"\n<div class=\"wp-block-group alignfull has-global-padding is-layout-constrained wp-block-group-is-layout-constrained\" style=\"margin-bottom:var(--wp--preset--spacing--60)\">\n<div class=\"wp-block-cover alignfull is-light is-style-mask-bottom\" style=\"margin-bottom:var(--wp--preset--spacing--60);min-height:40vh;aspect-ratio:unset;\"><img loading=\"lazy\" decoding=\"async\" width=\"2048\" height=\"1384\" class=\"wp-block-cover__image-background wp-image-2601\" alt=\"ACSYS Lasertechnik: In vielen Branchen zu Hause, von Automotive, \u00fcber Mint &amp; Print bis zu Medizintechnik und Wissenschaft\" src=\"https:\/\/acsyslaser.com\/wp-content\/uploads\/230911_Rahmenvorlage_Webseite_branchen_cover_tint_grad-jpg.webp\" data-object-fit=\"cover\" srcset=\"https:\/\/acsyslaser.com\/wp-content\/uploads\/230911_Rahmenvorlage_Webseite_branchen_cover_tint_grad-jpg.webp 2048w, https:\/\/acsyslaser.com\/wp-content\/uploads\/230911_Rahmenvorlage_Webseite_branchen_cover_tint_grad-300x203.webp 300w, https:\/\/acsyslaser.com\/wp-content\/uploads\/230911_Rahmenvorlage_Webseite_branchen_cover_tint_grad-1024x692.webp 1024w, https:\/\/acsyslaser.com\/wp-content\/uploads\/230911_Rahmenvorlage_Webseite_branchen_cover_tint_grad-768x519.webp 768w, https:\/\/acsyslaser.com\/wp-content\/uploads\/230911_Rahmenvorlage_Webseite_branchen_cover_tint_grad-1536x1038.webp 1536w\" sizes=\"auto, (max-width: 2048px) 100vw, 2048px\" \/><span aria-hidden=\"true\" class=\"wp-block-cover__background has-background-dim-0 has-background-dim\"><\/span><div class=\"wp-block-cover__inner-container is-layout-flow wp-block-cover-is-layout-flow\">\n<p class=\"has-text-align-center has-large-font-size\"><\/p>\n<\/div><\/div>\n\n\n\n<div class=\"wp-block-group alignwide has-global-padding is-layout-constrained wp-container-core-group-is-layout-ff778368 wp-block-group-is-layout-constrained\" style=\"padding-right:var(--wp--preset--spacing--30);padding-left:var(--wp--preset--spacing--30)\">\n<h1 class=\"wp-block-heading has-text-align-center not-centered-on-mobile\">Notre expertise pour votre march\u00e9<\/h1>\n\n\n\n<p class=\"has-text-align-center not-centered-on-mobile\">ACSYS, pionnier technologique du micro-usinage laser, est pr\u00e9sent dans de nombreux secteurs. De la plus petite pi\u00e8ce d&rsquo;or du monde aux pi\u00e8ces pour l&rsquo;industrie automobile, nous proposons des solutions compl\u00e8tes, intelligentes et cl\u00e9s en main, parfaitement adapt\u00e9es \u00e0 votre application. Cela fait de nous la premi\u00e8re adresse pour les machines standard et sp\u00e9ciales de haute qualit\u00e9 dans le domaine de la technique laser, avec un Product-Solution-Fit parfaitement adapt\u00e9, compos\u00e9 de mat\u00e9riel et de logiciel.<\/p>\n<\/div>\n<\/div>\n\n\n\n<h3 class=\"wp-block-heading has-text-align-center\" style=\"margin-bottom:var(--wp--preset--spacing--50)\">Aper\u00e7u du secteur<\/h3>\n\n\n\n<div class=\"wp-block-group alignfull has-global-padding is-layout-constrained wp-block-group-is-layout-constrained\">\n<div id=\"post-grid-block_21ecea031cffebcf21668aec72230a34\" class=\"wp-block-visual4-post-grid v4-post-grid alignwide wp-block-visual4-post-grid--industry\">\n    \r\n\r\n    <div class=\"wp-block-visual4-post-grid__items v4-post-grid-items\">\r\n                    \r\n\r\n<div class=\"wp-block-group pattern-card\">\r\n\r\n    <figure class=\"pattern-card-image wp-block-post-featured-image\">\r\n        <img loading=\"lazy\" decoding=\"async\" width=\"1024\" height=\"692\" src=\"https:\/\/acsyslaser.com\/wp-content\/uploads\/ACSYS_branchen_Automotive_2048_1284-1024x692.webp\" class=\"attachment-large size-large wp-post-image\" alt=\"ACSYS Branchen Automotiv\" srcset=\"https:\/\/acsyslaser.com\/wp-content\/uploads\/ACSYS_branchen_Automotive_2048_1284-1024x692.webp 1024w, https:\/\/acsyslaser.com\/wp-content\/uploads\/ACSYS_branchen_Automotive_2048_1284-300x203.webp 300w, https:\/\/acsyslaser.com\/wp-content\/uploads\/ACSYS_branchen_Automotive_2048_1284-768x519.webp 768w, https:\/\/acsyslaser.com\/wp-content\/uploads\/ACSYS_branchen_Automotive_2048_1284-1536x1038.webp 1536w, https:\/\/acsyslaser.com\/wp-content\/uploads\/ACSYS_branchen_Automotive_2048_1284-jpg.webp 2048w\" sizes=\"auto, (max-width: 1024px) 100vw, 1024px\" \/>    <\/figure>\r\n\r\n    <div class=\"wp-block-group pattern-card-content has-tertiary-background-color has-background\" style=\"padding-top:var(--wp--preset--spacing--30);padding-right:var(--wp--preset--spacing--30);padding-bottom:var(--wp--preset--spacing--30);padding-left:var(--wp--preset--spacing--30)\">\r\n\r\n        <h3 class=\"pattern-card-content-title wp-block-post-title has-large-font-size\">Mobilit\u00e9<\/h3>\r\n\r\n        <div class=\"pattern-card-content-excerpt wp-block-post-excerpt\">\r\n            <p class=\"wp-block-post-excerpt__excerpt\">Des solutions haut de gamme pour des id\u00e9es de design innovantes, les mat\u00e9riaux les plus r\u00e9cents et les exigences les plus \u00e9lev\u00e9es<\/p>\r\n            <p class=\"wp-block-post-excerpt__more-text\">\r\n                <a class=\"wp-block-post-excerpt__more-link\" href=\"https:\/\/acsyslaser.com\/fr\/secteurs\/mobilite\/\" tabindex=\"-1\">En savoir plus<\/a>\r\n            <\/p>\r\n        <\/div>\r\n    <\/div>\r\n    \r\n<\/div>                    \r\n\r\n<div class=\"wp-block-group pattern-card\">\r\n\r\n    <figure class=\"pattern-card-image wp-block-post-featured-image\">\r\n        <img loading=\"lazy\" decoding=\"async\" width=\"1024\" height=\"692\" src=\"https:\/\/acsyslaser.com\/wp-content\/uploads\/ACSYS_branchen_Medical_2048_1284-1024x692.webp\" class=\"attachment-large size-large wp-post-image\" alt=\"ACSYS Branchen Medical\" srcset=\"https:\/\/acsyslaser.com\/wp-content\/uploads\/ACSYS_branchen_Medical_2048_1284-1024x692.webp 1024w, https:\/\/acsyslaser.com\/wp-content\/uploads\/ACSYS_branchen_Medical_2048_1284-300x203.webp 300w, https:\/\/acsyslaser.com\/wp-content\/uploads\/ACSYS_branchen_Medical_2048_1284-768x519.webp 768w, https:\/\/acsyslaser.com\/wp-content\/uploads\/ACSYS_branchen_Medical_2048_1284-1536x1038.webp 1536w, https:\/\/acsyslaser.com\/wp-content\/uploads\/ACSYS_branchen_Medical_2048_1284-jpg.webp 2048w\" sizes=\"auto, (max-width: 1024px) 100vw, 1024px\" \/>    <\/figure>\r\n\r\n    <div class=\"wp-block-group pattern-card-content has-tertiary-background-color has-background\" style=\"padding-top:var(--wp--preset--spacing--30);padding-right:var(--wp--preset--spacing--30);padding-bottom:var(--wp--preset--spacing--30);padding-left:var(--wp--preset--spacing--30)\">\r\n\r\n        <h3 class=\"pattern-card-content-title wp-block-post-title has-large-font-size\">Technologie m\u00e9dicale<\/h3>\r\n\r\n        <div class=\"pattern-card-content-excerpt wp-block-post-excerpt\">\r\n            <p class=\"wp-block-post-excerpt__excerpt\">Pr\u00e9cision, flexibilit\u00e9 et st\u00e9rilit\u00e9 pour les composants les plus petits et les applications les plus vari\u00e9es<\/p>\r\n            <p class=\"wp-block-post-excerpt__more-text\">\r\n                <a class=\"wp-block-post-excerpt__more-link\" href=\"https:\/\/acsyslaser.com\/fr\/secteurs\/technologie-medicale\/\" tabindex=\"-1\">En savoir plus<\/a>\r\n            <\/p>\r\n        <\/div>\r\n    <\/div>\r\n    \r\n<\/div>                    \r\n\r\n<div class=\"wp-block-group pattern-card\">\r\n\r\n    <figure class=\"pattern-card-image wp-block-post-featured-image\">\r\n        <img loading=\"lazy\" decoding=\"async\" width=\"1024\" height=\"692\" src=\"https:\/\/acsyslaser.com\/wp-content\/uploads\/ACSYS_branchen_Industrial_manufacturing_2048_1284-1024x692.webp\" class=\"attachment-large size-large wp-post-image\" alt=\"ACSYS Branchen Industrial Manufacturing\" srcset=\"https:\/\/acsyslaser.com\/wp-content\/uploads\/ACSYS_branchen_Industrial_manufacturing_2048_1284-1024x692.webp 1024w, https:\/\/acsyslaser.com\/wp-content\/uploads\/ACSYS_branchen_Industrial_manufacturing_2048_1284-300x203.webp 300w, https:\/\/acsyslaser.com\/wp-content\/uploads\/ACSYS_branchen_Industrial_manufacturing_2048_1284-768x519.webp 768w, https:\/\/acsyslaser.com\/wp-content\/uploads\/ACSYS_branchen_Industrial_manufacturing_2048_1284-1536x1038.webp 1536w, https:\/\/acsyslaser.com\/wp-content\/uploads\/ACSYS_branchen_Industrial_manufacturing_2048_1284-jpg.webp 2048w\" sizes=\"auto, (max-width: 1024px) 100vw, 1024px\" \/>    <\/figure>\r\n\r\n    <div class=\"wp-block-group pattern-card-content has-tertiary-background-color has-background\" style=\"padding-top:var(--wp--preset--spacing--30);padding-right:var(--wp--preset--spacing--30);padding-bottom:var(--wp--preset--spacing--30);padding-left:var(--wp--preset--spacing--30)\">\r\n\r\n        <h3 class=\"pattern-card-content-title wp-block-post-title has-large-font-size\">Construction de machines et d&rsquo;outils<\/h3>\r\n\r\n        <div class=\"pattern-card-content-excerpt wp-block-post-excerpt\">\r\n            <p class=\"wp-block-post-excerpt__excerpt\">Processus intelligents et automatisation pour les mat\u00e9riaux et g\u00e9om\u00e9tries exigeants<\/p>\r\n            <p class=\"wp-block-post-excerpt__more-text\">\r\n                <a class=\"wp-block-post-excerpt__more-link\" href=\"https:\/\/acsyslaser.com\/fr\/secteurs\/construction-de-machines-et-doutils\/\" tabindex=\"-1\">En savoir plus<\/a>\r\n            <\/p>\r\n        <\/div>\r\n    <\/div>\r\n    \r\n<\/div>                    \r\n\r\n<div class=\"wp-block-group pattern-card\">\r\n\r\n    <figure class=\"pattern-card-image wp-block-post-featured-image\">\r\n        <img loading=\"lazy\" decoding=\"async\" width=\"1024\" height=\"692\" src=\"https:\/\/acsyslaser.com\/wp-content\/uploads\/230915_Rahmenvorlage_Webseite_bilder_branchen_mint_n_print-1024x692.webp\" class=\"attachment-large size-large wp-post-image\" alt=\"Micro-pr\u00e9cision de la num\u00e9risation au rehaussement, au givrage ou au polissage\" srcset=\"https:\/\/acsyslaser.com\/wp-content\/uploads\/230915_Rahmenvorlage_Webseite_bilder_branchen_mint_n_print-1024x692.webp 1024w, https:\/\/acsyslaser.com\/wp-content\/uploads\/230915_Rahmenvorlage_Webseite_bilder_branchen_mint_n_print-300x203.webp 300w, https:\/\/acsyslaser.com\/wp-content\/uploads\/230915_Rahmenvorlage_Webseite_bilder_branchen_mint_n_print-768x519.webp 768w, https:\/\/acsyslaser.com\/wp-content\/uploads\/230915_Rahmenvorlage_Webseite_bilder_branchen_mint_n_print-1536x1038.webp 1536w, https:\/\/acsyslaser.com\/wp-content\/uploads\/230915_Rahmenvorlage_Webseite_bilder_branchen_mint_n_print-jpg.webp 2048w\" sizes=\"auto, (max-width: 1024px) 100vw, 1024px\" \/>    <\/figure>\r\n\r\n    <div class=\"wp-block-group pattern-card-content has-tertiary-background-color has-background\" style=\"padding-top:var(--wp--preset--spacing--30);padding-right:var(--wp--preset--spacing--30);padding-bottom:var(--wp--preset--spacing--30);padding-left:var(--wp--preset--spacing--30)\">\r\n\r\n        <h3 class=\"pattern-card-content-title wp-block-post-title has-large-font-size\">Monnaies &amp; imprim\u00e9s<\/h3>\r\n\r\n        <div class=\"pattern-card-content-excerpt wp-block-post-excerpt\">\r\n            <p class=\"wp-block-post-excerpt__excerpt\">Micro-pr\u00e9cision de la num\u00e9risation au rehaussement, au givrage ou au polissage<\/p>\r\n            <p class=\"wp-block-post-excerpt__more-text\">\r\n                <a class=\"wp-block-post-excerpt__more-link\" href=\"https:\/\/acsyslaser.com\/fr\/secteurs\/monnaies-imprimes\/\" tabindex=\"-1\">En savoir plus<\/a>\r\n            <\/p>\r\n        <\/div>\r\n    <\/div>\r\n    \r\n<\/div>                    \r\n\r\n<div class=\"wp-block-group pattern-card\">\r\n\r\n    <figure class=\"pattern-card-image wp-block-post-featured-image\">\r\n        <img loading=\"lazy\" decoding=\"async\" width=\"1024\" height=\"692\" src=\"https:\/\/acsyslaser.com\/wp-content\/uploads\/ACSYS_branchen_W_n_J_2048_1284-1024x692.webp\" class=\"attachment-large size-large wp-post-image\" alt=\"ACSYS Branchen Watches and Security\" srcset=\"https:\/\/acsyslaser.com\/wp-content\/uploads\/ACSYS_branchen_W_n_J_2048_1284-1024x692.webp 1024w, https:\/\/acsyslaser.com\/wp-content\/uploads\/ACSYS_branchen_W_n_J_2048_1284-300x203.webp 300w, https:\/\/acsyslaser.com\/wp-content\/uploads\/ACSYS_branchen_W_n_J_2048_1284-768x519.webp 768w, https:\/\/acsyslaser.com\/wp-content\/uploads\/ACSYS_branchen_W_n_J_2048_1284-1536x1038.webp 1536w, https:\/\/acsyslaser.com\/wp-content\/uploads\/ACSYS_branchen_W_n_J_2048_1284-jpg.webp 2048w\" sizes=\"auto, (max-width: 1024px) 100vw, 1024px\" \/>    <\/figure>\r\n\r\n    <div class=\"wp-block-group pattern-card-content has-tertiary-background-color has-background\" style=\"padding-top:var(--wp--preset--spacing--30);padding-right:var(--wp--preset--spacing--30);padding-bottom:var(--wp--preset--spacing--30);padding-left:var(--wp--preset--spacing--30)\">\r\n\r\n        <h3 class=\"pattern-card-content-title wp-block-post-title has-large-font-size\">Montres et bijoux<\/h3>\r\n\r\n        <div class=\"pattern-card-content-excerpt wp-block-post-excerpt\">\r\n            <p class=\"wp-block-post-excerpt__excerpt\">Les composants filigranes exigent une pr\u00e9cision maximale pour une production et une finition de haut niveau<\/p>\r\n            <p class=\"wp-block-post-excerpt__more-text\">\r\n                <a class=\"wp-block-post-excerpt__more-link\" href=\"https:\/\/acsyslaser.com\/fr\/secteurs\/montres-et-bijoux\/\" tabindex=\"-1\">En savoir plus<\/a>\r\n            <\/p>\r\n        <\/div>\r\n    <\/div>\r\n    \r\n<\/div>            <\/div>\r\n\r\n<\/div><\/div>\n\n\n\n<div class=\"wp-block-group alignfull is-style-overlapping-behind has-global-padding is-layout-constrained wp-container-core-group-is-layout-3730fa20 wp-block-group-is-layout-constrained\" style=\"margin-bottom:var(--wp--preset--spacing--60);padding-top:0;padding-right:0;padding-bottom:0;padding-left:0\">\n<div class=\"wp-block-group alignfull is-style-mask-top has-secondary-background-color has-background has-global-padding is-layout-constrained wp-block-group-is-layout-constrained\" style=\"margin-top:0;margin-bottom:0;padding-top:var(--wp--preset--spacing--70)\"><\/div>\n\n\n\n<div class=\"wp-block-group alignfull is-style-default has-secondary-background-color has-background has-global-padding is-layout-constrained wp-container-core-group-is-layout-ffa59d15 wp-block-group-is-layout-constrained\" style=\"margin-top:0;margin-bottom:0;padding-top:var(--wp--preset--spacing--50);padding-right:var(--wp--preset--spacing--30);padding-bottom:var(--wp--preset--spacing--40);padding-left:var(--wp--preset--spacing--30)\">\n<h3 class=\"wp-block-heading has-text-align-center\">Votre secteur d&rsquo;activit\u00e9 ne figure pas dans la liste ?<\/h3>\n\n\n\n<p class=\"has-text-align-center\" style=\"margin-bottom:var(--wp--preset--spacing--30)\">Dans diff\u00e9rents domaines d&rsquo;activit\u00e9, nous avons appris \u00e0 adapter de mani\u00e8re optimale nos proc\u00e9d\u00e9s, processus et technologies aux mat\u00e9riaux, aux exigences et aux processus en aval de nos clients. Nous sommes donc certains que nous trouverons la meilleure solution possible pour votre application.<\/p>\n\n\n\n\n<div class=\"wp-block-visual4-contact-modal aligncenter\">\n            \n        <div class=\"wp-block-buttons is-content-justification-center is-layout-flex wp-container-core-buttons-is-layout-a89b3969 wp-block-buttons-is-layout-flex\">\n        <div class=\"wp-block-button v4-contact-modal-button\" data-form-id=\"2\">\n            <a class=\"wp-block-button__link wp-element-button\">Formulaire de contact<\/a><\/div>\n        <\/div>\n        \n    <\/div><\/div>\n<\/div>\n","protected":false},"excerpt":{"rendered":"<p>Notre expertise pour votre march\u00e9 ACSYS, pionnier technologique du micro-usinage laser, est pr\u00e9sent dans de nombreux secteurs. De la plus petite pi\u00e8ce d&rsquo;or du monde&#8230;<\/p>\n","protected":false},"author":1,"featured_media":0,"parent":0,"menu_order":3,"comment_status":"closed","ping_status":"closed","template":"","meta":{"_acf_changed":false,"inline_featured_image":false,"footnotes":""},"industry":[],"process":[],"class_list":["post-9815","page","type-page","status-publish","hentry"],"acf":[],"yoast_head":"<!-- This site is optimized with the Yoast SEO plugin v26.9 - https:\/\/yoast.com\/product\/yoast-seo-wordpress\/ -->\n<title>Secteurs d&#039;activit\u00e9 - ACSYS Lasertechnik GmbH<\/title>\n<meta name=\"description\" content=\"Pr\u00e9curseur technologique en usinage laser, ACSYS intervient dans de nombreux secteurs, toujours parfaitement adapt\u00e9 \u00e0 votre application sp\u00e9cifique.\" \/>\n<meta name=\"robots\" content=\"index, follow, max-snippet:-1, max-image-preview:large, max-video-preview:-1\" \/>\n<link rel=\"canonical\" href=\"https:\/\/acsyslaser.com\/fr\/secteurs-dactivite\/\" \/>\n<meta property=\"og:locale\" content=\"fr_FR\" \/>\n<meta property=\"og:type\" content=\"article\" \/>\n<meta property=\"og:title\" content=\"Secteurs d&#039;activit\u00e9 - ACSYS Lasertechnik GmbH\" \/>\n<meta property=\"og:description\" content=\"Pr\u00e9curseur technologique en usinage laser, ACSYS intervient dans de nombreux secteurs, toujours parfaitement adapt\u00e9 \u00e0 votre application sp\u00e9cifique.\" \/>\n<meta property=\"og:url\" content=\"https:\/\/acsyslaser.com\/fr\/secteurs-dactivite\/\" \/>\n<meta property=\"og:site_name\" content=\"ACSYS Lasertechnik GmbH\" \/>\n<meta property=\"article:modified_time\" content=\"2025-11-07T13:37:21+00:00\" \/>\n<meta property=\"og:image\" content=\"https:\/\/acsyslaser.com\/\/wp-content\/uploads\/230911_Rahmenvorlage_Webseite_branchen_cover_tint_grad-jpg.webp\" \/>\n<meta name=\"twitter:card\" content=\"summary_large_image\" \/>\n<meta name=\"twitter:label1\" content=\"Dur\u00e9e de lecture estim\u00e9e\" \/>\n\t<meta name=\"twitter:data1\" content=\"1 minute\" \/>\n<script type=\"application\/ld+json\" class=\"yoast-schema-graph\">{\"@context\":\"https:\/\/schema.org\",\"@graph\":[{\"@type\":\"WebPage\",\"@id\":\"https:\/\/acsyslaser.com\/fr\/secteurs-dactivite\/\",\"url\":\"https:\/\/acsyslaser.com\/fr\/secteurs-dactivite\/\",\"name\":\"Secteurs d'activit\u00e9 - ACSYS Lasertechnik GmbH\",\"isPartOf\":{\"@id\":\"https:\/\/acsyslaser.com\/fr\/#website\"},\"primaryImageOfPage\":{\"@id\":\"https:\/\/acsyslaser.com\/fr\/secteurs-dactivite\/#primaryimage\"},\"image\":{\"@id\":\"https:\/\/acsyslaser.com\/fr\/secteurs-dactivite\/#primaryimage\"},\"thumbnailUrl\":\"https:\/\/acsyslaser.com\/\/wp-content\/uploads\/230911_Rahmenvorlage_Webseite_branchen_cover_tint_grad-jpg.webp\",\"datePublished\":\"2023-03-22T15:46:22+00:00\",\"dateModified\":\"2025-11-07T13:37:21+00:00\",\"description\":\"Pr\u00e9curseur technologique en usinage laser, ACSYS intervient dans de nombreux secteurs, toujours parfaitement adapt\u00e9 \u00e0 votre application sp\u00e9cifique.\",\"breadcrumb\":{\"@id\":\"https:\/\/acsyslaser.com\/fr\/secteurs-dactivite\/#breadcrumb\"},\"inLanguage\":\"fr-FR\",\"potentialAction\":[{\"@type\":\"ReadAction\",\"target\":[\"https:\/\/acsyslaser.com\/fr\/secteurs-dactivite\/\"]}]},{\"@type\":\"ImageObject\",\"inLanguage\":\"fr-FR\",\"@id\":\"https:\/\/acsyslaser.com\/fr\/secteurs-dactivite\/#primaryimage\",\"url\":\"https:\/\/acsyslaser.com\/\/wp-content\/uploads\/230911_Rahmenvorlage_Webseite_branchen_cover_tint_grad-jpg.webp\",\"contentUrl\":\"https:\/\/acsyslaser.com\/\/wp-content\/uploads\/230911_Rahmenvorlage_Webseite_branchen_cover_tint_grad-jpg.webp\"},{\"@type\":\"BreadcrumbList\",\"@id\":\"https:\/\/acsyslaser.com\/fr\/secteurs-dactivite\/#breadcrumb\",\"itemListElement\":[{\"@type\":\"ListItem\",\"position\":1,\"name\":\"Startseite\",\"item\":\"https:\/\/acsyslaser.com\/fr\/\"},{\"@type\":\"ListItem\",\"position\":2,\"name\":\"Secteurs d&#8217;activit\u00e9\"}]},{\"@type\":\"WebSite\",\"@id\":\"https:\/\/acsyslaser.com\/fr\/#website\",\"url\":\"https:\/\/acsyslaser.com\/fr\/\",\"name\":\"ACSYS Lasertechnik GmbH\",\"description\":\"\",\"publisher\":{\"@id\":\"https:\/\/acsyslaser.com\/fr\/#organization\"},\"potentialAction\":[{\"@type\":\"SearchAction\",\"target\":{\"@type\":\"EntryPoint\",\"urlTemplate\":\"https:\/\/acsyslaser.com\/fr\/?s={search_term_string}\"},\"query-input\":{\"@type\":\"PropertyValueSpecification\",\"valueRequired\":true,\"valueName\":\"search_term_string\"}}],\"inLanguage\":\"fr-FR\"},{\"@type\":\"Organization\",\"@id\":\"https:\/\/acsyslaser.com\/fr\/#organization\",\"name\":\"ACSYS Lasertechnik GmbH\",\"url\":\"https:\/\/acsyslaser.com\/fr\/\",\"logo\":{\"@type\":\"ImageObject\",\"inLanguage\":\"fr-FR\",\"@id\":\"https:\/\/acsyslaser.com\/fr\/#\/schema\/logo\/image\/\",\"url\":\"https:\/\/acsyslaser.com\/wp-content\/uploads\/logo-acsys-100x20-1.png\",\"contentUrl\":\"https:\/\/acsyslaser.com\/wp-content\/uploads\/logo-acsys-100x20-1.png\",\"width\":100,\"height\":20,\"caption\":\"ACSYS Lasertechnik GmbH\"},\"image\":{\"@id\":\"https:\/\/acsyslaser.com\/fr\/#\/schema\/logo\/image\/\"},\"sameAs\":[\"https:\/\/de.linkedin.com\/company\/acsyslaser\",\"https:\/\/www.youtube.com\/user\/ACSYSLaser\"]}]}<\/script>\n<!-- \/ Yoast SEO plugin. -->","yoast_head_json":{"title":"Secteurs d'activit\u00e9 - ACSYS Lasertechnik GmbH","description":"Pr\u00e9curseur technologique en usinage laser, ACSYS intervient dans de nombreux secteurs, toujours parfaitement adapt\u00e9 \u00e0 votre application sp\u00e9cifique.","robots":{"index":"index","follow":"follow","max-snippet":"max-snippet:-1","max-image-preview":"max-image-preview:large","max-video-preview":"max-video-preview:-1"},"canonical":"https:\/\/acsyslaser.com\/fr\/secteurs-dactivite\/","og_locale":"fr_FR","og_type":"article","og_title":"Secteurs d'activit\u00e9 - ACSYS Lasertechnik GmbH","og_description":"Pr\u00e9curseur technologique en usinage laser, ACSYS intervient dans de nombreux secteurs, toujours parfaitement adapt\u00e9 \u00e0 votre application sp\u00e9cifique.","og_url":"https:\/\/acsyslaser.com\/fr\/secteurs-dactivite\/","og_site_name":"ACSYS Lasertechnik GmbH","article_modified_time":"2025-11-07T13:37:21+00:00","og_image":[{"url":"https:\/\/acsyslaser.com\/\/wp-content\/uploads\/230911_Rahmenvorlage_Webseite_branchen_cover_tint_grad-jpg.webp","type":"","width":"","height":""}],"twitter_card":"summary_large_image","twitter_misc":{"Dur\u00e9e de lecture estim\u00e9e":"1 minute"},"schema":{"@context":"https:\/\/schema.org","@graph":[{"@type":"WebPage","@id":"https:\/\/acsyslaser.com\/fr\/secteurs-dactivite\/","url":"https:\/\/acsyslaser.com\/fr\/secteurs-dactivite\/","name":"Secteurs d'activit\u00e9 - ACSYS Lasertechnik GmbH","isPartOf":{"@id":"https:\/\/acsyslaser.com\/fr\/#website"},"primaryImageOfPage":{"@id":"https:\/\/acsyslaser.com\/fr\/secteurs-dactivite\/#primaryimage"},"image":{"@id":"https:\/\/acsyslaser.com\/fr\/secteurs-dactivite\/#primaryimage"},"thumbnailUrl":"https:\/\/acsyslaser.com\/\/wp-content\/uploads\/230911_Rahmenvorlage_Webseite_branchen_cover_tint_grad-jpg.webp","datePublished":"2023-03-22T15:46:22+00:00","dateModified":"2025-11-07T13:37:21+00:00","description":"Pr\u00e9curseur technologique en usinage laser, ACSYS intervient dans de nombreux secteurs, toujours parfaitement adapt\u00e9 \u00e0 votre application sp\u00e9cifique.","breadcrumb":{"@id":"https:\/\/acsyslaser.com\/fr\/secteurs-dactivite\/#breadcrumb"},"inLanguage":"fr-FR","potentialAction":[{"@type":"ReadAction","target":["https:\/\/acsyslaser.com\/fr\/secteurs-dactivite\/"]}]},{"@type":"ImageObject","inLanguage":"fr-FR","@id":"https:\/\/acsyslaser.com\/fr\/secteurs-dactivite\/#primaryimage","url":"https:\/\/acsyslaser.com\/\/wp-content\/uploads\/230911_Rahmenvorlage_Webseite_branchen_cover_tint_grad-jpg.webp","contentUrl":"https:\/\/acsyslaser.com\/\/wp-content\/uploads\/230911_Rahmenvorlage_Webseite_branchen_cover_tint_grad-jpg.webp"},{"@type":"BreadcrumbList","@id":"https:\/\/acsyslaser.com\/fr\/secteurs-dactivite\/#breadcrumb","itemListElement":[{"@type":"ListItem","position":1,"name":"Startseite","item":"https:\/\/acsyslaser.com\/fr\/"},{"@type":"ListItem","position":2,"name":"Secteurs d&#8217;activit\u00e9"}]},{"@type":"WebSite","@id":"https:\/\/acsyslaser.com\/fr\/#website","url":"https:\/\/acsyslaser.com\/fr\/","name":"ACSYS Lasertechnik GmbH","description":"","publisher":{"@id":"https:\/\/acsyslaser.com\/fr\/#organization"},"potentialAction":[{"@type":"SearchAction","target":{"@type":"EntryPoint","urlTemplate":"https:\/\/acsyslaser.com\/fr\/?s={search_term_string}"},"query-input":{"@type":"PropertyValueSpecification","valueRequired":true,"valueName":"search_term_string"}}],"inLanguage":"fr-FR"},{"@type":"Organization","@id":"https:\/\/acsyslaser.com\/fr\/#organization","name":"ACSYS Lasertechnik GmbH","url":"https:\/\/acsyslaser.com\/fr\/","logo":{"@type":"ImageObject","inLanguage":"fr-FR","@id":"https:\/\/acsyslaser.com\/fr\/#\/schema\/logo\/image\/","url":"https:\/\/acsyslaser.com\/wp-content\/uploads\/logo-acsys-100x20-1.png","contentUrl":"https:\/\/acsyslaser.com\/wp-content\/uploads\/logo-acsys-100x20-1.png","width":100,"height":20,"caption":"ACSYS Lasertechnik GmbH"},"image":{"@id":"https:\/\/acsyslaser.com\/fr\/#\/schema\/logo\/image\/"},"sameAs":["https:\/\/de.linkedin.com\/company\/acsyslaser","https:\/\/www.youtube.com\/user\/ACSYSLaser"]}]}},"publishpress_future_workflow_manual_trigger":{"enabledWorkflows":[]},"_links":{"self":[{"href":"https:\/\/acsyslaser.com\/fr\/wp-json\/wp\/v2\/pages\/9815","targetHints":{"allow":["GET"]}}],"collection":[{"href":"https:\/\/acsyslaser.com\/fr\/wp-json\/wp\/v2\/pages"}],"about":[{"href":"https:\/\/acsyslaser.com\/fr\/wp-json\/wp\/v2\/types\/page"}],"author":[{"embeddable":true,"href":"https:\/\/acsyslaser.com\/fr\/wp-json\/wp\/v2\/users\/1"}],"replies":[{"embeddable":true,"href":"https:\/\/acsyslaser.com\/fr\/wp-json\/wp\/v2\/comments?post=9815"}],"version-history":[{"count":3,"href":"https:\/\/acsyslaser.com\/fr\/wp-json\/wp\/v2\/pages\/9815\/revisions"}],"predecessor-version":[{"id":14641,"href":"https:\/\/acsyslaser.com\/fr\/wp-json\/wp\/v2\/pages\/9815\/revisions\/14641"}],"wp:attachment":[{"href":"https:\/\/acsyslaser.com\/fr\/wp-json\/wp\/v2\/media?parent=9815"}],"wp:term":[{"taxonomy":"industry","embeddable":true,"href":"https:\/\/acsyslaser.com\/fr\/wp-json\/wp\/v2\/industry?post=9815"},{"taxonomy":"process","embeddable":true,"href":"https:\/\/acsyslaser.com\/fr\/wp-json\/wp\/v2\/process?post=9815"}],"curies":[{"name":"wp","href":"https:\/\/api.w.org\/{rel}","templated":true}]}}