{"id":10539,"date":"2023-03-01T13:26:00","date_gmt":"2023-03-01T12:26:00","guid":{"rendered":"https:\/\/acsyslaser.com\/contact\/"},"modified":"2026-02-05T10:48:39","modified_gmt":"2026-02-05T09:48:39","slug":"contacter","status":"publish","type":"page","link":"https:\/\/acsyslaser.com\/fr\/contacter\/","title":{"rendered":"Contacter"},"content":{"rendered":"\n<div class=\"wp-block-group alignfull has-global-padding is-layout-constrained wp-block-group-is-layout-constrained\" style=\"margin-bottom:var(--wp--preset--spacing--60)\">\n<div class=\"wp-block-cover alignfull is-style-mask-bottom\" style=\"margin-bottom:var(--wp--preset--spacing--60);min-height:40vh;aspect-ratio:unset;\"><img loading=\"lazy\" decoding=\"async\" width=\"1024\" height=\"794\" class=\"wp-block-cover__image-background wp-image-10542 size-large\" alt=\"Que pouvons-nous faire pour vous ?\n\nQue vous ayez une question sur nos produits, solutions ou services : Nous sommes l\u00e0 pour vous - vous pouvez compter sur nous ! Choisissez simplement le canal de communication qui vous convient le mieux et nous nous ferons un plaisir de vous aider. Dans le monde entier.\" src=\"https:\/\/acsyslaser.com\/wp-content\/uploads\/ACSYS_Kontakt_header_alt2-1024x794.jpg\" style=\"object-position:55% 33%\" data-object-fit=\"cover\" data-object-position=\"55% 33%\" srcset=\"https:\/\/acsyslaser.com\/wp-content\/uploads\/ACSYS_Kontakt_header_alt2-1024x794.jpg 1024w, https:\/\/acsyslaser.com\/wp-content\/uploads\/ACSYS_Kontakt_header_alt2-300x233.jpg 300w, https:\/\/acsyslaser.com\/wp-content\/uploads\/ACSYS_Kontakt_header_alt2-768x596.jpg 768w, https:\/\/acsyslaser.com\/wp-content\/uploads\/ACSYS_Kontakt_header_alt2-1536x1191.jpg 1536w, https:\/\/acsyslaser.com\/wp-content\/uploads\/ACSYS_Kontakt_header_alt2.jpg 1920w\" sizes=\"auto, (max-width: 1024px) 100vw, 1024px\" \/><span aria-hidden=\"true\" class=\"wp-block-cover__background has-background-dim-0 has-background-dim\" style=\"background-color:#80817b\"><\/span><div class=\"wp-block-cover__inner-container is-layout-flow wp-block-cover-is-layout-flow\">\n<p class=\"has-text-align-center has-large-font-size\"><\/p>\n<\/div><\/div>\n\n\n\n<div class=\"wp-block-group alignwide has-global-padding is-layout-constrained wp-container-core-group-is-layout-ff778368 wp-block-group-is-layout-constrained\" style=\"padding-right:var(--wp--preset--spacing--30);padding-left:var(--wp--preset--spacing--30)\">\n<h1 class=\"wp-block-heading has-text-align-center  not-centered-on-mobile\">Que pouvons-nous faire pour vous ?<\/h1>\n\n\n\n<p class=\"has-text-align-center  not-centered-on-mobile\">Que vous ayez une question sur nos produits, solutions ou services : Nous sommes l\u00e0 pour vous &#8211; vous pouvez compter sur nous ! Choisissez simplement le canal de communication qui vous convient le mieux et nous nous ferons un plaisir de vous aider. Partout dans le monde.<\/p>\n\n\n<div class=\"frm_forms \" id=\"frm_form_2_container\" data-token=\"229580161cc47987bcb7c7df876e9120\">\n<form enctype=\"multipart\/form-data\" method=\"post\" class=\"frm-show-form  frm_js_validate  frm_ajax_submit  frm_pro_form \" id=\"form_kontakt\" data-token=\"229580161cc47987bcb7c7df876e9120\">\n<div class=\"frm_form_fields \">\n<fieldset>\n<legend class=\"frm_screen_reader\">Contact<\/legend>\r\n\r\n<div class=\"frm_fields_container\">\n<input type=\"hidden\" name=\"frm_action\" value=\"create\" \/>\n<input type=\"hidden\" name=\"form_id\" value=\"2\" \/>\n<input type=\"hidden\" name=\"frm_hide_fields_2\" id=\"frm_hide_fields_2\" value=\"\" \/>\n<input type=\"hidden\" name=\"form_key\" value=\"kontakt\" \/>\n<input type=\"hidden\" name=\"item_meta[0]\" value=\"\" \/>\n<input type=\"hidden\" id=\"frm_submit_entry_2\" name=\"frm_submit_entry_2\" value=\"08364fa7c0\" \/><input type=\"hidden\" name=\"_wp_http_referer\" value=\"\/fr\/wp-json\/wp\/v2\/pages\/10539\" \/><div id=\"frm_field_6_container\" class=\"frm_form_field frm_section_heading form-field \">\r\n<h3 class=\"frm_pos_top frm_section_spacing\">Contactez-nous<\/h3>\r\n\r\n\r\n<div id=\"frm_field_260_container\" class=\"frm_form_field form-field  frm_required_field frm_top_container vertical_radio\">\r\n\t<div  id=\"field_tystz_label\" class=\"frm_primary_label\">Quel est l&rsquo;objet de votre demande?\r\n\t\t<span class=\"frm_required\" aria-hidden=\"true\">*<\/span>\r\n\t<\/div>\r\n\t<div class=\"frm_opt_container\" aria-labelledby=\"field_tystz_label\" role=\"radiogroup\" aria-required=\"true\">\t\t<div class=\"frm_radio\" id=\"frm_radio_260-6-0\">\t\t\t<label  for=\"field_tystz-0\">\n\t\t\t\t\t<input type=\"radio\" name=\"item_meta[260]\" id=\"field_tystz-0\" value=\"\ud83d\udcbc Vertriebsanfrage\"\n\t\t   data-sectionid=\"6\"  data-reqmsg=\"Ce champ ne doit pas \u00eatre vide.\" data-invmsg=\"Quel est l&#039;objet de votre demande? est non valide\" aria-invalid=\"false\"  \/> \ud83d\udcbc Demande commerciale<\/label><\/div>\n\t\t<div class=\"frm_radio\" id=\"frm_radio_260-6-1\">\t\t\t<label  for=\"field_tystz-1\">\n\t\t\t\t\t<input type=\"radio\" name=\"item_meta[260]\" id=\"field_tystz-1\" value=\"\ud83d\udd27 Serviceanfrage\"\n\t\t   data-sectionid=\"6\"  data-reqmsg=\"Ce champ ne doit pas \u00eatre vide.\" data-invmsg=\"Quel est l&#039;objet de votre demande? est non valide\" aria-invalid=\"false\"  \/> \ud83d\udd27 Demande de SAV<\/label><\/div>\n\t\t<div class=\"frm_radio\" id=\"frm_radio_260-6-2\">\t\t\t<label  for=\"field_tystz-2\">\n\t\t\t\t\t<input type=\"radio\" name=\"item_meta[260]\" id=\"field_tystz-2\" value=\"\ud83d\udce9 Allgemeine Anfrage\"\n\t\t   data-sectionid=\"6\"  data-reqmsg=\"Ce champ ne doit pas \u00eatre vide.\" data-invmsg=\"Quel est l&#039;objet de votre demande? est non valide\" aria-invalid=\"false\"  \/> \ud83d\udce9 Autre demande <\/label><\/div>\n<\/div>\r\n\t\r\n\t\r\n<\/div>\n<div id=\"frm_field_261_container\" class=\"frm_form_field form-field  frm_required_field frm_top_container\">\r\n\t<label for=\"field_8epp\" id=\"field_8epp_label\" class=\"frm_primary_label\">Num\u00e9ro de s\u00e9rie de la machine \/ N\u00b0 de s\u00e9rie\r\n\t\t<span class=\"frm_required\" aria-hidden=\"true\">*<\/span>\r\n\t<\/label>\r\n\t<input type=\"text\" id=\"field_8epp\" name=\"item_meta[261]\" value=\"\"  data-sectionid=\"6\"  data-reqmsg=\"Ce champ ne doit pas \u00eatre vide.\" aria-required=\"true\" data-invmsg=\"Num\u00e9ro de s\u00e9rie de la machine \/ N\u00b0 de s\u00e9rie n&#039;est pas valide\" aria-invalid=\"false\"  \/>\r\n\t\r\n\t\r\n<\/div>\n<div id=\"frm_field_39_container\" class=\"frm_form_field form-field  frm_required_field frm_none_container\">\r\n    <label for=\"field_m4jg5\" id=\"field_m4jg5_label\" class=\"frm_primary_label\">Nom\r\n        <span class=\"frm_required\" aria-hidden=\"true\">*<\/span>\r\n    <\/label>\r\n    <input type=\"text\" id=\"field_m4jg5\" name=\"item_meta[39]\" value=\"\"  data-sectionid=\"6\"  placeholder=\"Nom *\" data-reqmsg=\"Ce champ ne doit pas \u00eatre vide.\" aria-required=\"true\" data-invmsg=\"Le texte n&#039;est pas valide\" aria-invalid=\"false\"  \/>\r\n    \r\n    \r\n<\/div>\n<div id=\"frm_field_9_container\" class=\"frm_form_field form-field  frm_required_field frm_none_container\">\r\n    <label for=\"field_iu1mi\" id=\"field_iu1mi_label\" class=\"frm_primary_label\">Courriel\r\n        <span class=\"frm_required\">*<\/span>\r\n    <\/label>\r\n    <input type=\"email\" id=\"field_iu1mi\" name=\"item_meta[9]\" value=\"\"  data-sectionid=\"6\"  placeholder=\"Courriel *\" data-reqmsg=\"Ce champ ne doit pas \u00eatre vide.\" aria-required=\"true\" data-invmsg=\"Le courriel n&#039;est pas valide\" aria-invalid=\"false\"  \/>\r\n    \r\n    \r\n<\/div>\n<div id=\"frm_field_41_container\" class=\"frm_form_field form-field  frm_none_container\">\r\n    <label for=\"field_w8d9u\" id=\"field_w8d9u_label\" class=\"frm_primary_label\">T\u00e9l\u00e9phone\r\n        <span class=\"frm_required\" aria-hidden=\"true\"><\/span>\r\n    <\/label>\r\n    <input type=\"tel\" id=\"field_w8d9u\" name=\"item_meta[41]\" value=\"\"  data-sectionid=\"6\"  placeholder=\"T\u00e9l\u00e9phone\" data-invmsg=\"Valeur non valide\" aria-invalid=\"false\" pattern=\"((\\+\\d{1,3}(-|.| )?\\(?\\d\\)?(-| |.)?\\d{1,5})|(\\(?\\d{2,6}\\)?))(-|.| )?(\\d{3,4})(-|.| )?(\\d{4})(( x| ext)\\d{1,5}){0,1}$\"  \/>\r\n    \r\n    \r\n<\/div>\n<div id=\"frm_field_10_container\" class=\"frm_form_field form-field  frm_required_field frm_none_container\">\r\n    <label for=\"field_7hcuw\" id=\"field_7hcuw_label\" class=\"frm_primary_label\">Entreprise\r\n        <span class=\"frm_required\" aria-hidden=\"true\">*<\/span>\r\n    <\/label>\r\n    <input type=\"text\" id=\"field_7hcuw\" name=\"item_meta[10]\" value=\"\"  data-sectionid=\"6\"  placeholder=\"Entreprise *\" data-reqmsg=\"Ce champ ne doit pas \u00eatre vide.\" aria-required=\"true\" data-invmsg=\"La valeur saisie n&#039;est pas valide\" aria-invalid=\"false\"  \/>\r\n    \r\n    \r\n<\/div>\n<div id=\"frm_field_40_container\" class=\"frm_form_field form-field  frm_required_field frm_none_container\">\r\n    <label for=\"field_aezh0\" id=\"field_aezh0_label\" class=\"frm_primary_label\">Adresse \/ Lieu\r\n        <span class=\"frm_required\" aria-hidden=\"true\">*<\/span>\r\n    <\/label>\r\n    <input type=\"text\" id=\"field_aezh0\" name=\"item_meta[40]\" value=\"\"  data-sectionid=\"6\"  placeholder=\"Adresse \/ Lieu *\" data-reqmsg=\"Ce champ ne doit pas \u00eatre vide.\" aria-required=\"true\" data-invmsg=\"Valeur non valide\" aria-invalid=\"false\"  \/>\r\n    \r\n    \r\n<\/div>\n<div id=\"frm_field_250_container\" class=\"frm_form_field form-field  frm_none_container\">\r\n    <label for=\"field_60gi3\" id=\"field_60gi3_label\" class=\"frm_primary_label\">Pays\r\n        <span class=\"frm_required\" aria-hidden=\"true\"><\/span>\r\n    <\/label>\r\n    <input type=\"text\" id=\"field_60gi3\" name=\"item_meta[250]\" value=\"\"  data-sectionid=\"6\"  placeholder=\"Pays*\" data-invmsg=\"Valeur non valide\" aria-invalid=\"false\"  \/>\r\n    \r\n    \r\n<\/div>\n<div id=\"frm_field_11_container\" class=\"frm_form_field form-field  frm_required_field frm_none_container\">\r\n    <label for=\"field_wdn0q\" id=\"field_wdn0q_label\" class=\"frm_primary_label\">Votre message\r\n        <span class=\"frm_required\">*<\/span>\r\n    <\/label>\r\n    <textarea name=\"item_meta[11]\" id=\"field_wdn0q\" rows=\"5\"  data-sectionid=\"6\"  placeholder=\"Votre message (max. 500 caract\u00e8res)\" data-reqmsg=\"Ce champ ne doit pas \u00eatre vide.\" aria-required=\"true\" data-invmsg=\"[nom_du_champ] n&#039;est pas valide\" aria-invalid=\"false\"  ><\/textarea>\r\n    \r\n    \r\n<\/div>\n<\/div>\n<div id=\"frm_field_13_container\" class=\"frm_form_field form-field  frm_required_field frm_top_container vertical_radio\">\r\n    <div  id=\"field_a2a6x_label\" class=\"frm_primary_label\">\r\n        <span class=\"frm_required\"> <\/span>\r\n    <\/div>\r\n    <div class=\"frm_opt_container\" aria-labelledby=\"field_a2a6x_label\" role=\"group\">\t\t<div class=\"frm_checkbox\" id=\"frm_checkbox_13-0\">\t\t\t<label  for=\"field_a2a6x-0\">\n\t\t\t<input type=\"checkbox\" name=\"item_meta[13][]\" id=\"field_a2a6x-0\" value=\"Ich habe die Datenschutzhinweise zur Kenntnis genommen. *\"  data-reqmsg=\"Veuillez confirmer que vous avez lu la politique de confidentialit\u00e9.\" data-invmsg=\"Ce champ est non valide\" aria-invalid=\"false\"   aria-required=\"true\"  \/> J&rsquo;ai lu la politique de confidentialit\u00e9. *<\/label><\/div>\n<\/div>\r\n    <div class=\"frm_description\" id=\"frm_desc_field_a2a6x\">Le consentement au traitement peut \u00eatre r\u00e9voqu\u00e9 \u00e0 tout moment par t\u00e9l\u00e9phone au +49 (0)7154 808 75 0 ou par courrier \u00e9lectronique <a href=\"mailto:info@acsys.de\">info@acsys.de<\/a>. Les donn\u00e9es que vous fournissez seront trait\u00e9es par ACSYS Lasertechnik GmbH dans le but de traiter votre demande. Elles ne seront pas transmises \u00e0 des tiers. De plus amples informations sont disponibles dans <a target=\"blank\" rel=\"privacy-policy\" href=\"https:\/\/acsyslaser.com\/fr\/declaration-de-confidentialite\/\">la politique de confidentialit\u00e9<\/a>.<\/div>\r\n    \r\n<\/div>\n<div id=\"frm_field_190_container\" class=\"frm_form_field form-field  frm_none_container\">\r\n\t<label for=\"g-recaptcha-response\" id=\"field_5oagd_label\" class=\"frm_primary_label\">Captcha\r\n\t\t<span class=\"frm_required\" aria-hidden=\"true\"><\/span>\r\n\t<\/label>\r\n\t<div  id=\"field_5oagd\" class=\"frm-g-recaptcha\" data-sitekey=\"6LceDtUqAAAAAHWng0EUj03iJd0pjv_AtWZ1n5Fo\" data-size=\"invisible\" data-theme=\"light\"><\/div>\r\n\t\r\n\t\r\n<\/div>\n<div id=\"frm_field_36_container\" class=\"frm_form_field form-field \">\r\n\t<div class=\"frm_submit\">\r\n\r\n<button class=\"frm_button_submit frm_final_submit\" type=\"submit\"   formnovalidate=\"formnovalidate\">Envoyer<\/button>\r\n\r\n<\/div>\r\n<\/div>\n\t<input type=\"hidden\" name=\"item_key\" value=\"\" \/>\n\t\t\t\t<div class=\"frm__6530c94a00fd9\">\n\t\t\t\t<label for=\"frm_email_2\" >\n\t\t\t\t\tSi vous \u00eates un humain, ne remplissez pas ce champ.\t\t\t\t<\/label>\n\t\t\t\t<input  id=\"frm_email_2\" type=\"email\" class=\"frm_verify\" name=\"frm__6530c94a00fd9\" value=\"\"  \/>\n\t\t\t<\/div>\n\t\t<input name=\"frm_state\" type=\"hidden\" value=\"TEEVV1raMPAo7lP66LK4Zr1rVzvPK1gCUBe5eJqhpG8SoaVbsecl9uWJY0Ome+QS\" \/><\/div>\n<\/fieldset>\n<\/div>\n\n<\/form>\n<\/div>\n<\/div>\n<\/div>\n\n\n\n<div class=\"wp-block-group alignfull is-style-overlapping-behind has-global-padding is-layout-constrained wp-container-core-group-is-layout-3730fa20 wp-block-group-is-layout-constrained\" style=\"margin-bottom:var(--wp--preset--spacing--60);padding-top:0;padding-right:0;padding-bottom:0;padding-left:0\">\n<div class=\"wp-block-group alignfull is-style-mask-top has-secondary-background-color has-background has-global-padding is-layout-constrained wp-block-group-is-layout-constrained\" style=\"margin-top:0;margin-bottom:0;padding-top:var(--wp--preset--spacing--70)\"><\/div>\n\n\n\n<div class=\"wp-block-group alignfull is-style-default has-secondary-background-color has-background has-global-padding is-layout-constrained wp-container-core-group-is-layout-9eb6751a wp-block-group-is-layout-constrained\" style=\"margin-top:0;margin-bottom:0;padding-top:var(--wp--preset--spacing--50);padding-right:var(--wp--preset--spacing--30);padding-bottom:var(--wp--preset--spacing--50);padding-left:var(--wp--preset--spacing--30)\">\n<h2 class=\"wp-block-heading has-text-align-center\">Vous cherchez un interlocuteur personnel ?<\/h2>\n\n\n\n<p class=\"has-text-align-center\">Nos experts ACSYS sont \u00e0 votre disposition pour r\u00e9pondre \u00e0 vos questions.<\/p>\n\n\n\n<div class=\"wp-block-buttons is-content-justification-center is-layout-flex wp-container-core-buttons-is-layout-a89b3969 wp-block-buttons-is-layout-flex\">\n<div class=\"wp-block-button\"><a class=\"wp-block-button__link has-text-align-center wp-element-button\" href=\"https:\/\/acsyslaser.com\/fr\/contacter\/personne-a-contacter\/\">Trouver un contact<\/a><\/div>\n<\/div>\n<\/div>\n<\/div>\n","protected":false},"excerpt":{"rendered":"<p>Que pouvons-nous faire pour vous ? Que vous ayez une question sur nos produits, solutions ou services : Nous sommes l\u00e0 pour vous &#8211; vous&#8230;<\/p>\n","protected":false},"author":1,"featured_media":0,"parent":0,"menu_order":9,"comment_status":"closed","ping_status":"closed","template":"","meta":{"_acf_changed":false,"inline_featured_image":false,"footnotes":""},"industry":[],"process":[],"class_list":["post-10539","page","type-page","status-publish","hentry"],"acf":[],"yoast_head":"<!-- This site is optimized with the Yoast SEO plugin v26.9 - https:\/\/yoast.com\/product\/yoast-seo-wordpress\/ -->\n<title>Contacter - ACSYS Lasertechnik GmbH<\/title>\n<meta name=\"description\" content=\"Des questions sur nos produits, solutions ou services ? Contactez-nous directement par t\u00e9l\u00e9phone, formulaire ou e-mail.\" \/>\n<meta name=\"robots\" content=\"index, follow, max-snippet:-1, max-image-preview:large, max-video-preview:-1\" \/>\n<link rel=\"canonical\" href=\"https:\/\/acsyslaser.com\/fr\/contacter\/\" \/>\n<meta property=\"og:locale\" content=\"fr_FR\" \/>\n<meta property=\"og:type\" content=\"article\" \/>\n<meta property=\"og:title\" content=\"Contacter - ACSYS Lasertechnik GmbH\" \/>\n<meta property=\"og:description\" content=\"Des questions sur nos produits, solutions ou services ? Contactez-nous directement par t\u00e9l\u00e9phone, formulaire ou e-mail.\" \/>\n<meta property=\"og:url\" content=\"https:\/\/acsyslaser.com\/fr\/contacter\/\" \/>\n<meta property=\"og:site_name\" content=\"ACSYS Lasertechnik GmbH\" \/>\n<meta property=\"article:modified_time\" content=\"2026-02-05T09:48:39+00:00\" \/>\n<meta property=\"og:image\" content=\"https:\/\/acsyslaser.com\/wp-content\/uploads\/ACSYS_Kontakt_header_alt2.jpg\" \/>\n\t<meta property=\"og:image:width\" content=\"1920\" \/>\n\t<meta property=\"og:image:height\" content=\"1489\" \/>\n\t<meta property=\"og:image:type\" content=\"image\/jpeg\" \/>\n<meta name=\"twitter:card\" content=\"summary_large_image\" \/>\n<meta name=\"twitter:label1\" content=\"Dur\u00e9e de lecture estim\u00e9e\" \/>\n\t<meta name=\"twitter:data1\" content=\"1 minute\" \/>\n<script type=\"application\/ld+json\" class=\"yoast-schema-graph\">{\"@context\":\"https:\/\/schema.org\",\"@graph\":[{\"@type\":\"WebPage\",\"@id\":\"https:\/\/acsyslaser.com\/fr\/contacter\/\",\"url\":\"https:\/\/acsyslaser.com\/fr\/contacter\/\",\"name\":\"Contacter - ACSYS Lasertechnik GmbH\",\"isPartOf\":{\"@id\":\"https:\/\/acsyslaser.com\/fr\/#website\"},\"primaryImageOfPage\":{\"@id\":\"https:\/\/acsyslaser.com\/fr\/contacter\/#primaryimage\"},\"image\":{\"@id\":\"https:\/\/acsyslaser.com\/fr\/contacter\/#primaryimage\"},\"thumbnailUrl\":\"https:\/\/acsyslaser.com\/wp-content\/uploads\/ACSYS_Kontakt_header_alt2-1024x794.jpg\",\"datePublished\":\"2023-03-01T12:26:00+00:00\",\"dateModified\":\"2026-02-05T09:48:39+00:00\",\"description\":\"Des questions sur nos produits, solutions ou services ? Contactez-nous directement par t\u00e9l\u00e9phone, formulaire ou e-mail.\",\"breadcrumb\":{\"@id\":\"https:\/\/acsyslaser.com\/fr\/contacter\/#breadcrumb\"},\"inLanguage\":\"fr-FR\",\"potentialAction\":[{\"@type\":\"ReadAction\",\"target\":[\"https:\/\/acsyslaser.com\/fr\/contacter\/\"]}]},{\"@type\":\"ImageObject\",\"inLanguage\":\"fr-FR\",\"@id\":\"https:\/\/acsyslaser.com\/fr\/contacter\/#primaryimage\",\"url\":\"https:\/\/acsyslaser.com\/wp-content\/uploads\/ACSYS_Kontakt_header_alt2-1024x794.jpg\",\"contentUrl\":\"https:\/\/acsyslaser.com\/wp-content\/uploads\/ACSYS_Kontakt_header_alt2-1024x794.jpg\"},{\"@type\":\"BreadcrumbList\",\"@id\":\"https:\/\/acsyslaser.com\/fr\/contacter\/#breadcrumb\",\"itemListElement\":[{\"@type\":\"ListItem\",\"position\":1,\"name\":\"Startseite\",\"item\":\"https:\/\/acsyslaser.com\/fr\/\"},{\"@type\":\"ListItem\",\"position\":2,\"name\":\"Contacter\"}]},{\"@type\":\"WebSite\",\"@id\":\"https:\/\/acsyslaser.com\/fr\/#website\",\"url\":\"https:\/\/acsyslaser.com\/fr\/\",\"name\":\"ACSYS Lasertechnik GmbH\",\"description\":\"\",\"publisher\":{\"@id\":\"https:\/\/acsyslaser.com\/fr\/#organization\"},\"potentialAction\":[{\"@type\":\"SearchAction\",\"target\":{\"@type\":\"EntryPoint\",\"urlTemplate\":\"https:\/\/acsyslaser.com\/fr\/?s={search_term_string}\"},\"query-input\":{\"@type\":\"PropertyValueSpecification\",\"valueRequired\":true,\"valueName\":\"search_term_string\"}}],\"inLanguage\":\"fr-FR\"},{\"@type\":\"Organization\",\"@id\":\"https:\/\/acsyslaser.com\/fr\/#organization\",\"name\":\"ACSYS Lasertechnik GmbH\",\"url\":\"https:\/\/acsyslaser.com\/fr\/\",\"logo\":{\"@type\":\"ImageObject\",\"inLanguage\":\"fr-FR\",\"@id\":\"https:\/\/acsyslaser.com\/fr\/#\/schema\/logo\/image\/\",\"url\":\"https:\/\/acsyslaser.com\/wp-content\/uploads\/logo-acsys-100x20-1.png\",\"contentUrl\":\"https:\/\/acsyslaser.com\/wp-content\/uploads\/logo-acsys-100x20-1.png\",\"width\":100,\"height\":20,\"caption\":\"ACSYS Lasertechnik GmbH\"},\"image\":{\"@id\":\"https:\/\/acsyslaser.com\/fr\/#\/schema\/logo\/image\/\"},\"sameAs\":[\"https:\/\/de.linkedin.com\/company\/acsyslaser\",\"https:\/\/www.youtube.com\/user\/ACSYSLaser\"]}]}<\/script>\n<!-- \/ Yoast SEO plugin. -->","yoast_head_json":{"title":"Contacter - ACSYS Lasertechnik GmbH","description":"Des questions sur nos produits, solutions ou services ? Contactez-nous directement par t\u00e9l\u00e9phone, formulaire ou e-mail.","robots":{"index":"index","follow":"follow","max-snippet":"max-snippet:-1","max-image-preview":"max-image-preview:large","max-video-preview":"max-video-preview:-1"},"canonical":"https:\/\/acsyslaser.com\/fr\/contacter\/","og_locale":"fr_FR","og_type":"article","og_title":"Contacter - ACSYS Lasertechnik GmbH","og_description":"Des questions sur nos produits, solutions ou services ? Contactez-nous directement par t\u00e9l\u00e9phone, formulaire ou e-mail.","og_url":"https:\/\/acsyslaser.com\/fr\/contacter\/","og_site_name":"ACSYS Lasertechnik GmbH","article_modified_time":"2026-02-05T09:48:39+00:00","og_image":[{"width":1920,"height":1489,"url":"https:\/\/acsyslaser.com\/wp-content\/uploads\/ACSYS_Kontakt_header_alt2.jpg","type":"image\/jpeg"}],"twitter_card":"summary_large_image","twitter_misc":{"Dur\u00e9e de lecture estim\u00e9e":"1 minute"},"schema":{"@context":"https:\/\/schema.org","@graph":[{"@type":"WebPage","@id":"https:\/\/acsyslaser.com\/fr\/contacter\/","url":"https:\/\/acsyslaser.com\/fr\/contacter\/","name":"Contacter - ACSYS Lasertechnik GmbH","isPartOf":{"@id":"https:\/\/acsyslaser.com\/fr\/#website"},"primaryImageOfPage":{"@id":"https:\/\/acsyslaser.com\/fr\/contacter\/#primaryimage"},"image":{"@id":"https:\/\/acsyslaser.com\/fr\/contacter\/#primaryimage"},"thumbnailUrl":"https:\/\/acsyslaser.com\/wp-content\/uploads\/ACSYS_Kontakt_header_alt2-1024x794.jpg","datePublished":"2023-03-01T12:26:00+00:00","dateModified":"2026-02-05T09:48:39+00:00","description":"Des questions sur nos produits, solutions ou services ? Contactez-nous directement par t\u00e9l\u00e9phone, formulaire ou e-mail.","breadcrumb":{"@id":"https:\/\/acsyslaser.com\/fr\/contacter\/#breadcrumb"},"inLanguage":"fr-FR","potentialAction":[{"@type":"ReadAction","target":["https:\/\/acsyslaser.com\/fr\/contacter\/"]}]},{"@type":"ImageObject","inLanguage":"fr-FR","@id":"https:\/\/acsyslaser.com\/fr\/contacter\/#primaryimage","url":"https:\/\/acsyslaser.com\/wp-content\/uploads\/ACSYS_Kontakt_header_alt2-1024x794.jpg","contentUrl":"https:\/\/acsyslaser.com\/wp-content\/uploads\/ACSYS_Kontakt_header_alt2-1024x794.jpg"},{"@type":"BreadcrumbList","@id":"https:\/\/acsyslaser.com\/fr\/contacter\/#breadcrumb","itemListElement":[{"@type":"ListItem","position":1,"name":"Startseite","item":"https:\/\/acsyslaser.com\/fr\/"},{"@type":"ListItem","position":2,"name":"Contacter"}]},{"@type":"WebSite","@id":"https:\/\/acsyslaser.com\/fr\/#website","url":"https:\/\/acsyslaser.com\/fr\/","name":"ACSYS Lasertechnik GmbH","description":"","publisher":{"@id":"https:\/\/acsyslaser.com\/fr\/#organization"},"potentialAction":[{"@type":"SearchAction","target":{"@type":"EntryPoint","urlTemplate":"https:\/\/acsyslaser.com\/fr\/?s={search_term_string}"},"query-input":{"@type":"PropertyValueSpecification","valueRequired":true,"valueName":"search_term_string"}}],"inLanguage":"fr-FR"},{"@type":"Organization","@id":"https:\/\/acsyslaser.com\/fr\/#organization","name":"ACSYS Lasertechnik GmbH","url":"https:\/\/acsyslaser.com\/fr\/","logo":{"@type":"ImageObject","inLanguage":"fr-FR","@id":"https:\/\/acsyslaser.com\/fr\/#\/schema\/logo\/image\/","url":"https:\/\/acsyslaser.com\/wp-content\/uploads\/logo-acsys-100x20-1.png","contentUrl":"https:\/\/acsyslaser.com\/wp-content\/uploads\/logo-acsys-100x20-1.png","width":100,"height":20,"caption":"ACSYS Lasertechnik GmbH"},"image":{"@id":"https:\/\/acsyslaser.com\/fr\/#\/schema\/logo\/image\/"},"sameAs":["https:\/\/de.linkedin.com\/company\/acsyslaser","https:\/\/www.youtube.com\/user\/ACSYSLaser"]}]}},"publishpress_future_workflow_manual_trigger":{"enabledWorkflows":[]},"_links":{"self":[{"href":"https:\/\/acsyslaser.com\/fr\/wp-json\/wp\/v2\/pages\/10539","targetHints":{"allow":["GET"]}}],"collection":[{"href":"https:\/\/acsyslaser.com\/fr\/wp-json\/wp\/v2\/pages"}],"about":[{"href":"https:\/\/acsyslaser.com\/fr\/wp-json\/wp\/v2\/types\/page"}],"author":[{"embeddable":true,"href":"https:\/\/acsyslaser.com\/fr\/wp-json\/wp\/v2\/users\/1"}],"replies":[{"embeddable":true,"href":"https:\/\/acsyslaser.com\/fr\/wp-json\/wp\/v2\/comments?post=10539"}],"version-history":[{"count":5,"href":"https:\/\/acsyslaser.com\/fr\/wp-json\/wp\/v2\/pages\/10539\/revisions"}],"predecessor-version":[{"id":15708,"href":"https:\/\/acsyslaser.com\/fr\/wp-json\/wp\/v2\/pages\/10539\/revisions\/15708"}],"wp:attachment":[{"href":"https:\/\/acsyslaser.com\/fr\/wp-json\/wp\/v2\/media?parent=10539"}],"wp:term":[{"taxonomy":"industry","embeddable":true,"href":"https:\/\/acsyslaser.com\/fr\/wp-json\/wp\/v2\/industry?post=10539"},{"taxonomy":"process","embeddable":true,"href":"https:\/\/acsyslaser.com\/fr\/wp-json\/wp\/v2\/process?post=10539"}],"curies":[{"name":"wp","href":"https:\/\/api.w.org\/{rel}","templated":true}]}}