{"id":10290,"date":"2023-12-19T12:07:55","date_gmt":"2023-12-19T11:07:55","guid":{"rendered":"https:\/\/acsyslaser.com\/conditions-generales-de-vente\/"},"modified":"2025-02-07T18:20:01","modified_gmt":"2025-02-07T17:20:01","slug":"conditions-generales-de-vente","status":"publish","type":"page","link":"https:\/\/acsyslaser.com\/fr\/conditions-generales-de-vente\/","title":{"rendered":"Conditions g\u00e9n\u00e9rales"},"content":{"rendered":"\n<div class=\"wp-block-group alignfull has-global-padding is-layout-constrained wp-container-core-group-is-layout-c7284179 wp-block-group-is-layout-constrained\" style=\"padding-top:var(--wp--preset--spacing--50);padding-right:var(--wp--preset--spacing--30);padding-bottom:var(--wp--preset--spacing--70);padding-left:var(--wp--preset--spacing--30)\">\n<h1 class=\"wp-block-heading\">Conditions g\u00e9n\u00e9rales de vente (CGV)<\/h1>\n\n\n\n<h2 class=\"wp-block-heading\">Nos conditions g\u00e9n\u00e9rales d&rsquo;achat, de vente et de livraison<\/h2>\n\n\n\n<p>In diesem Bereich finden Sie alle notwendigen Unterlagen rund um unsere Allgemeinen Gesch\u00e4ftsbedingungen, sowie unsere Liefer-, Montage- und Reparaturbedingungen und die allgemeinen Einkaufsbedingungen. Sollten Sie zus\u00e4tzliche Informationen ben\u00f6tigen, <a href=\"https:\/\/acsyslaser.com\/kontakt\/\">sprechen Sie uns an<\/a>.<\/p>\n\n\n\n<div class=\"wp-block-group has-global-padding is-layout-constrained wp-block-group-is-layout-constrained\" style=\"margin-top:3rem;margin-bottom:6rem\">\n<div class=\"wp-block-group is-nowrap is-layout-flex wp-container-core-group-is-layout-8fb36119 wp-block-group-is-layout-flex\" style=\"margin-top:2.9rem\">\n<div class=\"wp-block-columns is-layout-flex wp-container-core-columns-is-layout-28f84493 wp-block-columns-is-layout-flex\">\n<div class=\"wp-block-column has-base-color has-text-color is-layout-flow wp-container-core-column-is-layout-56aa3682 wp-block-column-is-layout-flow\" style=\"padding-bottom:0;flex-basis:25%\"><a href=\"https:\/\/acsyslaser.com\/wp-content\/uploads\/acsys-allgemeine-geschaeftsbedingungen-2024-06.pdf\"    style=\"--color-text:#ffffff;--color-bkg:#768692;--color-bkg-hover:#333F48;padding-top:0;padding-bottom:0;\" class=\"wp-block-tiptip-hyperlink-group-block\" >\n<p class=\"has-base-color has-tertiary-background-color has-text-color has-background has-large-font-size\" style=\"--color-text:#ffffff;--color-bkg:#768692;--color-bkg-hover:#333F48;padding-top:var(--wp--preset--spacing--40);padding-right:1rem;padding-bottom:2.5rem;padding-left:1rem\">Conditions g\u00e9n\u00e9rales de vente<\/p>\n\n<p class=\"has-base-color has-text-color has-small-font-size\" style=\"--color-text:#ffffff;--color-bkg:#768692;--color-bkg-hover:#333F48;padding-top:0rem;padding-right:1rem;padding-bottom:0.9rem;padding-left:1rem\">Stand 06\/2024 (PDF)<\/p>\n<\/a><\/div>\n\n\n\n<div class=\"wp-block-column has-base-color has-text-color is-layout-flow wp-container-core-column-is-layout-56aa3682 wp-block-column-is-layout-flow\" style=\"padding-bottom:0;flex-basis:25%\"><a href=\"https:\/\/acsyslaser.com\/wp-content\/uploads\/acsys-montagebedingungen-2024-06.pdf\"    style=\"--color-text:#ffffff;--color-bkg:#768692;--color-bkg-hover:#333F48;padding-top:0;padding-bottom:0;\" class=\"wp-block-tiptip-hyperlink-group-block\" >\n<p class=\"has-base-color has-tertiary-background-color has-text-color has-background has-large-font-size\" style=\"--color-text:#ffffff;--color-bkg:#768692;--color-bkg-hover:#333F48;padding-top:var(--wp--preset--spacing--40);padding-right:1rem;padding-bottom:2.5rem;padding-left:1rem\">Montage- und Reparatur\u00adbedingungen<\/p>\n\n<p class=\"has-base-color has-text-color has-small-font-size\" style=\"--color-text:#ffffff;--color-bkg:#768692;--color-bkg-hover:#333F48;padding-top:0rem;padding-right:1rem;padding-bottom:0.9rem;padding-left:1rem\">Stand 06\/2024 (PDF)<\/p>\n<\/a><\/div>\n\n\n\n<div class=\"wp-block-column has-base-color has-text-color is-layout-flow wp-container-core-column-is-layout-56aa3682 wp-block-column-is-layout-flow\" style=\"padding-bottom:0;flex-basis:25%\"><a href=\"https:\/\/acsyslaser.com\/wp-content\/uploads\/acsys-allgemeine-einkaufsbedingungen-2024-06.pdf\"    style=\"--color-text:#ffffff;--color-bkg:#768692;--color-bkg-hover:#333F48;padding-top:0;padding-bottom:0;\" class=\"wp-block-tiptip-hyperlink-group-block\" >\n<p class=\"has-base-color has-tertiary-background-color has-text-color has-background has-large-font-size\" style=\"--color-text:#ffffff;--color-bkg:#768692;--color-bkg-hover:#333F48;padding-top:var(--wp--preset--spacing--40);padding-right:1rem;padding-bottom:2.5rem;padding-left:1rem\">Conditions g\u00e9n\u00e9rales d&rsquo;achat<\/p>\n\n<p class=\"has-base-color has-text-color has-small-font-size\" style=\"--color-text:#ffffff;--color-bkg:#768692;--color-bkg-hover:#333F48;padding-top:0rem;padding-right:1rem;padding-bottom:0.9rem;padding-left:1rem\">Stand 06\/2024 (PDF)<\/p>\n<\/a><\/div>\n\n\n\n<div class=\"wp-block-column has-base-color has-text-color is-layout-flow wp-container-core-column-is-layout-56aa3682 wp-block-column-is-layout-flow\" style=\"padding-bottom:0;flex-basis:25%\">\n<p><\/p>\n<\/div>\n<\/div>\n<\/div>\n<\/div>\n<\/div>\n","protected":false},"excerpt":{"rendered":"<p>Conditions g\u00e9n\u00e9rales de vente (CGV) Nos conditions g\u00e9n\u00e9rales d&rsquo;achat, de vente et de livraison In diesem Bereich finden Sie alle notwendigen Unterlagen rund um unsere&#8230;<\/p>\n","protected":false},"author":2,"featured_media":0,"parent":0,"menu_order":12,"comment_status":"closed","ping_status":"closed","template":"","meta":{"_acf_changed":false,"inline_featured_image":false,"footnotes":""},"industry":[],"process":[],"class_list":["post-10290","page","type-page","status-publish","hentry"],"acf":[],"yoast_head":"<!-- This site is optimized with the Yoast SEO plugin v26.9 - https:\/\/yoast.com\/product\/yoast-seo-wordpress\/ -->\n<title>Conditions g\u00e9n\u00e9rales - ACSYS Lasertechnik GmbH<\/title>\n<meta name=\"description\" content=\"Conditions g\u00e9n\u00e9rales de vente, ainsi que les conditions de livraison, de montage et de r\u00e9paration et les conditions d&#039;achat d&#039;ACSYS Lasertechnik.\" \/>\n<meta name=\"robots\" content=\"index, follow, max-snippet:-1, max-image-preview:large, max-video-preview:-1\" \/>\n<link rel=\"canonical\" href=\"https:\/\/acsyslaser.com\/fr\/conditions-generales-de-vente\/\" \/>\n<meta property=\"og:locale\" content=\"fr_FR\" \/>\n<meta property=\"og:type\" content=\"article\" \/>\n<meta property=\"og:title\" content=\"Conditions g\u00e9n\u00e9rales - ACSYS Lasertechnik GmbH\" \/>\n<meta property=\"og:description\" content=\"Conditions g\u00e9n\u00e9rales de vente, ainsi que les conditions de livraison, de montage et de r\u00e9paration et les conditions d&#039;achat d&#039;ACSYS Lasertechnik.\" \/>\n<meta property=\"og:url\" content=\"https:\/\/acsyslaser.com\/fr\/conditions-generales-de-vente\/\" \/>\n<meta property=\"og:site_name\" content=\"ACSYS Lasertechnik GmbH\" \/>\n<meta property=\"article:modified_time\" content=\"2025-02-07T17:20:01+00:00\" \/>\n<meta property=\"og:image\" content=\"https:\/\/acsyslaser.com\/wp-content\/uploads\/acsys_Standort.png\" \/>\n\t<meta property=\"og:image:width\" content=\"1280\" \/>\n\t<meta property=\"og:image:height\" content=\"992\" \/>\n\t<meta property=\"og:image:type\" content=\"image\/png\" \/>\n<meta name=\"twitter:card\" content=\"summary_large_image\" \/>\n<meta name=\"twitter:label1\" content=\"Dur\u00e9e de lecture estim\u00e9e\" \/>\n\t<meta name=\"twitter:data1\" content=\"1 minute\" \/>\n<script type=\"application\/ld+json\" class=\"yoast-schema-graph\">{\"@context\":\"https:\/\/schema.org\",\"@graph\":[{\"@type\":\"WebPage\",\"@id\":\"https:\/\/acsyslaser.com\/fr\/conditions-generales-de-vente\/\",\"url\":\"https:\/\/acsyslaser.com\/fr\/conditions-generales-de-vente\/\",\"name\":\"Conditions g\u00e9n\u00e9rales - ACSYS Lasertechnik GmbH\",\"isPartOf\":{\"@id\":\"https:\/\/acsyslaser.com\/fr\/#website\"},\"datePublished\":\"2023-12-19T11:07:55+00:00\",\"dateModified\":\"2025-02-07T17:20:01+00:00\",\"description\":\"Conditions g\u00e9n\u00e9rales de vente, ainsi que les conditions de livraison, de montage et de r\u00e9paration et les conditions d'achat d'ACSYS Lasertechnik.\",\"breadcrumb\":{\"@id\":\"https:\/\/acsyslaser.com\/fr\/conditions-generales-de-vente\/#breadcrumb\"},\"inLanguage\":\"fr-FR\",\"potentialAction\":[{\"@type\":\"ReadAction\",\"target\":[\"https:\/\/acsyslaser.com\/fr\/conditions-generales-de-vente\/\"]}]},{\"@type\":\"BreadcrumbList\",\"@id\":\"https:\/\/acsyslaser.com\/fr\/conditions-generales-de-vente\/#breadcrumb\",\"itemListElement\":[{\"@type\":\"ListItem\",\"position\":1,\"name\":\"Startseite\",\"item\":\"https:\/\/acsyslaser.com\/fr\/\"},{\"@type\":\"ListItem\",\"position\":2,\"name\":\"Conditions g\u00e9n\u00e9rales\"}]},{\"@type\":\"WebSite\",\"@id\":\"https:\/\/acsyslaser.com\/fr\/#website\",\"url\":\"https:\/\/acsyslaser.com\/fr\/\",\"name\":\"ACSYS Lasertechnik GmbH\",\"description\":\"\",\"publisher\":{\"@id\":\"https:\/\/acsyslaser.com\/fr\/#organization\"},\"potentialAction\":[{\"@type\":\"SearchAction\",\"target\":{\"@type\":\"EntryPoint\",\"urlTemplate\":\"https:\/\/acsyslaser.com\/fr\/?s={search_term_string}\"},\"query-input\":{\"@type\":\"PropertyValueSpecification\",\"valueRequired\":true,\"valueName\":\"search_term_string\"}}],\"inLanguage\":\"fr-FR\"},{\"@type\":\"Organization\",\"@id\":\"https:\/\/acsyslaser.com\/fr\/#organization\",\"name\":\"ACSYS Lasertechnik GmbH\",\"url\":\"https:\/\/acsyslaser.com\/fr\/\",\"logo\":{\"@type\":\"ImageObject\",\"inLanguage\":\"fr-FR\",\"@id\":\"https:\/\/acsyslaser.com\/fr\/#\/schema\/logo\/image\/\",\"url\":\"https:\/\/acsyslaser.com\/wp-content\/uploads\/logo-acsys-100x20-1.png\",\"contentUrl\":\"https:\/\/acsyslaser.com\/wp-content\/uploads\/logo-acsys-100x20-1.png\",\"width\":100,\"height\":20,\"caption\":\"ACSYS Lasertechnik GmbH\"},\"image\":{\"@id\":\"https:\/\/acsyslaser.com\/fr\/#\/schema\/logo\/image\/\"},\"sameAs\":[\"https:\/\/de.linkedin.com\/company\/acsyslaser\",\"https:\/\/www.youtube.com\/user\/ACSYSLaser\"]}]}<\/script>\n<!-- \/ Yoast SEO plugin. -->","yoast_head_json":{"title":"Conditions g\u00e9n\u00e9rales - ACSYS Lasertechnik GmbH","description":"Conditions g\u00e9n\u00e9rales de vente, ainsi que les conditions de livraison, de montage et de r\u00e9paration et les conditions d'achat d'ACSYS Lasertechnik.","robots":{"index":"index","follow":"follow","max-snippet":"max-snippet:-1","max-image-preview":"max-image-preview:large","max-video-preview":"max-video-preview:-1"},"canonical":"https:\/\/acsyslaser.com\/fr\/conditions-generales-de-vente\/","og_locale":"fr_FR","og_type":"article","og_title":"Conditions g\u00e9n\u00e9rales - ACSYS Lasertechnik GmbH","og_description":"Conditions g\u00e9n\u00e9rales de vente, ainsi que les conditions de livraison, de montage et de r\u00e9paration et les conditions d'achat d'ACSYS Lasertechnik.","og_url":"https:\/\/acsyslaser.com\/fr\/conditions-generales-de-vente\/","og_site_name":"ACSYS Lasertechnik GmbH","article_modified_time":"2025-02-07T17:20:01+00:00","og_image":[{"width":1280,"height":992,"url":"https:\/\/acsyslaser.com\/wp-content\/uploads\/acsys_Standort.png","type":"image\/png"}],"twitter_card":"summary_large_image","twitter_misc":{"Dur\u00e9e de lecture estim\u00e9e":"1 minute"},"schema":{"@context":"https:\/\/schema.org","@graph":[{"@type":"WebPage","@id":"https:\/\/acsyslaser.com\/fr\/conditions-generales-de-vente\/","url":"https:\/\/acsyslaser.com\/fr\/conditions-generales-de-vente\/","name":"Conditions g\u00e9n\u00e9rales - ACSYS Lasertechnik GmbH","isPartOf":{"@id":"https:\/\/acsyslaser.com\/fr\/#website"},"datePublished":"2023-12-19T11:07:55+00:00","dateModified":"2025-02-07T17:20:01+00:00","description":"Conditions g\u00e9n\u00e9rales de vente, ainsi que les conditions de livraison, de montage et de r\u00e9paration et les conditions d'achat d'ACSYS Lasertechnik.","breadcrumb":{"@id":"https:\/\/acsyslaser.com\/fr\/conditions-generales-de-vente\/#breadcrumb"},"inLanguage":"fr-FR","potentialAction":[{"@type":"ReadAction","target":["https:\/\/acsyslaser.com\/fr\/conditions-generales-de-vente\/"]}]},{"@type":"BreadcrumbList","@id":"https:\/\/acsyslaser.com\/fr\/conditions-generales-de-vente\/#breadcrumb","itemListElement":[{"@type":"ListItem","position":1,"name":"Startseite","item":"https:\/\/acsyslaser.com\/fr\/"},{"@type":"ListItem","position":2,"name":"Conditions g\u00e9n\u00e9rales"}]},{"@type":"WebSite","@id":"https:\/\/acsyslaser.com\/fr\/#website","url":"https:\/\/acsyslaser.com\/fr\/","name":"ACSYS Lasertechnik GmbH","description":"","publisher":{"@id":"https:\/\/acsyslaser.com\/fr\/#organization"},"potentialAction":[{"@type":"SearchAction","target":{"@type":"EntryPoint","urlTemplate":"https:\/\/acsyslaser.com\/fr\/?s={search_term_string}"},"query-input":{"@type":"PropertyValueSpecification","valueRequired":true,"valueName":"search_term_string"}}],"inLanguage":"fr-FR"},{"@type":"Organization","@id":"https:\/\/acsyslaser.com\/fr\/#organization","name":"ACSYS Lasertechnik GmbH","url":"https:\/\/acsyslaser.com\/fr\/","logo":{"@type":"ImageObject","inLanguage":"fr-FR","@id":"https:\/\/acsyslaser.com\/fr\/#\/schema\/logo\/image\/","url":"https:\/\/acsyslaser.com\/wp-content\/uploads\/logo-acsys-100x20-1.png","contentUrl":"https:\/\/acsyslaser.com\/wp-content\/uploads\/logo-acsys-100x20-1.png","width":100,"height":20,"caption":"ACSYS Lasertechnik GmbH"},"image":{"@id":"https:\/\/acsyslaser.com\/fr\/#\/schema\/logo\/image\/"},"sameAs":["https:\/\/de.linkedin.com\/company\/acsyslaser","https:\/\/www.youtube.com\/user\/ACSYSLaser"]}]}},"publishpress_future_workflow_manual_trigger":{"enabledWorkflows":[]},"_links":{"self":[{"href":"https:\/\/acsyslaser.com\/fr\/wp-json\/wp\/v2\/pages\/10290","targetHints":{"allow":["GET"]}}],"collection":[{"href":"https:\/\/acsyslaser.com\/fr\/wp-json\/wp\/v2\/pages"}],"about":[{"href":"https:\/\/acsyslaser.com\/fr\/wp-json\/wp\/v2\/types\/page"}],"author":[{"embeddable":true,"href":"https:\/\/acsyslaser.com\/fr\/wp-json\/wp\/v2\/users\/2"}],"replies":[{"embeddable":true,"href":"https:\/\/acsyslaser.com\/fr\/wp-json\/wp\/v2\/comments?post=10290"}],"version-history":[{"count":5,"href":"https:\/\/acsyslaser.com\/fr\/wp-json\/wp\/v2\/pages\/10290\/revisions"}],"predecessor-version":[{"id":12122,"href":"https:\/\/acsyslaser.com\/fr\/wp-json\/wp\/v2\/pages\/10290\/revisions\/12122"}],"wp:attachment":[{"href":"https:\/\/acsyslaser.com\/fr\/wp-json\/wp\/v2\/media?parent=10290"}],"wp:term":[{"taxonomy":"industry","embeddable":true,"href":"https:\/\/acsyslaser.com\/fr\/wp-json\/wp\/v2\/industry?post=10290"},{"taxonomy":"process","embeddable":true,"href":"https:\/\/acsyslaser.com\/fr\/wp-json\/wp\/v2\/process?post=10290"}],"curies":[{"name":"wp","href":"https:\/\/api.w.org\/{rel}","templated":true}]}}