{"id":10211,"date":"2023-09-27T14:10:33","date_gmt":"2023-09-27T12:10:33","guid":{"rendered":"https:\/\/acsyslaser.com\/centre-dinformation\/salons-et-evenements\/"},"modified":"2025-07-24T15:44:32","modified_gmt":"2025-07-24T13:44:32","slug":"salons-et-evenements","status":"publish","type":"page","link":"https:\/\/acsyslaser.com\/fr\/centre-dinformation\/salons-et-evenements\/","title":{"rendered":"Salons et \u00e9v\u00e9nements"},"content":{"rendered":"\n<div class=\"wp-block-group alignfull has-global-padding is-layout-constrained wp-block-group-is-layout-constrained\" style=\"margin-bottom:var(--wp--preset--spacing--60)\">\n<div class=\"wp-block-cover alignfull is-light is-style-mask-bottom\" style=\"margin-bottom:var(--wp--preset--spacing--60);min-height:40vh;aspect-ratio:unset;\"><img loading=\"lazy\" decoding=\"async\" width=\"2560\" height=\"873\" class=\"wp-block-cover__image-background wp-image-3738\" alt=\"Messen &amp; Events\nACSYS ist als Aussteller weltweit auf den unterschiedlichsten Fachveranstaltungen vertreten. Die nachfolgende \u00dcbersicht bietet Ihnen einen \u00dcberblick \u00fcber die wichtigsten Termine, bei denen Sie uns pers\u00f6nlich kennenlernen k\u00f6nnen. Am besten vereinbaren Sie noch heute Ihren pers\u00f6nlichen Termin, oder Sie speichern unsere Messetermine in Ihrem Kalender. In jedem Fall freuen wir uns darauf, Sie pers\u00f6nlich zu treffen.\" src=\"https:\/\/acsyslaser.com\/wp-content\/uploads\/Rahmenvorlage_Webseite_bilder_header-scaled.webp\" style=\"object-position:48% 12%\" data-object-fit=\"cover\" data-object-position=\"48% 12%\" srcset=\"https:\/\/acsyslaser.com\/wp-content\/uploads\/Rahmenvorlage_Webseite_bilder_header-scaled.webp 2560w, https:\/\/acsyslaser.com\/wp-content\/uploads\/Rahmenvorlage_Webseite_bilder_header-300x102.webp 300w, https:\/\/acsyslaser.com\/wp-content\/uploads\/Rahmenvorlage_Webseite_bilder_header-1024x349.webp 1024w, https:\/\/acsyslaser.com\/wp-content\/uploads\/Rahmenvorlage_Webseite_bilder_header-768x262.webp 768w, https:\/\/acsyslaser.com\/wp-content\/uploads\/Rahmenvorlage_Webseite_bilder_header-1536x524.webp 1536w, https:\/\/acsyslaser.com\/wp-content\/uploads\/Rahmenvorlage_Webseite_bilder_header-2048x698.webp 2048w\" sizes=\"auto, (max-width: 2560px) 100vw, 2560px\" \/><span aria-hidden=\"true\" class=\"wp-block-cover__background has-background-dim-0 has-background-dim\"><\/span><div class=\"wp-block-cover__inner-container is-layout-flow wp-block-cover-is-layout-flow\">\n<p class=\"has-text-align-center has-large-font-size\"><\/p>\n<\/div><\/div>\n\n\n\n<div class=\"wp-block-group alignwide has-global-padding is-layout-constrained wp-container-core-group-is-layout-ff778368 wp-block-group-is-layout-constrained\" style=\"padding-right:var(--wp--preset--spacing--30);padding-left:var(--wp--preset--spacing--30)\">\n<h1 class=\"wp-block-heading has-text-align-center  not-centered-on-mobile\">Salons et \u00e9v\u00e9nements<\/h1>\n\n\n\n<p class=\"has-text-align-center\">ACSYS participe en tant qu&rsquo;exposant \u00e0 diff\u00e9rents \u00e9v\u00e9nements professionnels dans le monde entier. L&rsquo;aper\u00e7u ci-dessous vous donne un aper\u00e7u des principales dates auxquelles vous pouvez nous rencontrer personnellement. Le mieux est de prendre rendez-vous d\u00e8s aujourd&rsquo;hui ou d&rsquo;enregistrer les dates de nos salons dans votre agenda. Dans tous les cas, nous sommes impatients de vous rencontrer en personne.<\/p>\n<\/div>\n<\/div>\n\n\n\n<div class=\"wp-block-group alignfull has-global-padding is-layout-constrained wp-container-core-group-is-layout-1b3dec4a wp-block-group-is-layout-constrained\" style=\"margin-bottom:var(--wp--preset--spacing--60);padding-right:var(--wp--preset--spacing--30);padding-left:var(--wp--preset--spacing--30)\">\n<div class=\"wp-block-query is-layout-flow wp-block-query-is-layout-flow\"><ul class=\"wp-block-post-template is-layout-flow wp-block-post-template-is-layout-flow\"><li class=\"wp-block-post post-11547 post type-post status-publish format-standard has-post-thumbnail hentry category-salons-et-evenements category-tradeshows-events tag-precision- tag-salon tag-trade-fair tag-ukp-fr tag-uspl-en-2 tag-uspl-fr tag-uspl-en tag--precision industry-montres-et-bijoux industry-montres-et-bijoux-fr industry-watches-jewelry\">\n\n<div class=\"wp-block-columns is-layout-flex wp-container-core-columns-is-layout-28f84493 wp-block-columns-is-layout-flex\">\n<div class=\"wp-block-column is-layout-flow wp-block-column-is-layout-flow\" style=\"flex-basis:33.33%\"><figure class=\"wp-block-post-featured-image\"><a href=\"https:\/\/acsyslaser.com\/fr\/salons-et-evenements\/ephj-2026-2\/\" target=\"_self\"  ><img loading=\"lazy\" decoding=\"async\" width=\"2048\" height=\"1365\" src=\"https:\/\/acsyslaser.com\/wp-content\/uploads\/25-ACSYS_Webseite_Infocenter_Messen_EPHJ.jpg\" class=\"attachment-post-thumbnail size-post-thumbnail wp-post-image\" alt=\"EPHJ 2026\" style=\"object-fit:cover;\" srcset=\"https:\/\/acsyslaser.com\/wp-content\/uploads\/25-ACSYS_Webseite_Infocenter_Messen_EPHJ.jpg 2048w, https:\/\/acsyslaser.com\/wp-content\/uploads\/25-ACSYS_Webseite_Infocenter_Messen_EPHJ-300x200.jpg 300w, https:\/\/acsyslaser.com\/wp-content\/uploads\/25-ACSYS_Webseite_Infocenter_Messen_EPHJ-1024x683.jpg 1024w, https:\/\/acsyslaser.com\/wp-content\/uploads\/25-ACSYS_Webseite_Infocenter_Messen_EPHJ-768x512.jpg 768w, https:\/\/acsyslaser.com\/wp-content\/uploads\/25-ACSYS_Webseite_Infocenter_Messen_EPHJ-1536x1024.jpg 1536w\" sizes=\"auto, (max-width: 2048px) 100vw, 2048px\" \/><\/a><\/figure><\/div>\n\n\n\n<div class=\"wp-block-column is-layout-flow wp-block-column-is-layout-flow\" style=\"flex-basis:66.66%\"><h2 class=\"wp-block-post-title has-large-font-size\"><a href=\"https:\/\/acsyslaser.com\/fr\/salons-et-evenements\/ephj-2026-2\/\" target=\"_self\" >EPHJ 2026<\/a><\/h2>\n\n<div class=\"wp-block-post-excerpt\"><p class=\"wp-block-post-excerpt__excerpt\">16.06. &#8211; 19.06.2026, Gen\u00e8ve (Suisse)<\/p><p class=\"wp-block-post-excerpt__more-text\"><a class=\"wp-block-post-excerpt__more-link\" href=\"https:\/\/acsyslaser.com\/fr\/salons-et-evenements\/ephj-2026-2\/\">En savoir plus<\/a><\/p><\/div><\/div>\n<\/div>\n\n<\/li><li class=\"wp-block-post post-15240 post type-post status-publish format-standard has-post-thumbnail hentry category-non-classifiee category-salons-et-evenements\">\n\n<div class=\"wp-block-columns is-layout-flex wp-container-core-columns-is-layout-28f84493 wp-block-columns-is-layout-flex\">\n<div class=\"wp-block-column is-layout-flow wp-block-column-is-layout-flow\" style=\"flex-basis:33.33%\"><figure class=\"wp-block-post-featured-image\"><a href=\"https:\/\/acsyslaser.com\/fr\/non-classifiee\/amb-stuttgart-2026\/\" target=\"_self\"  ><img loading=\"lazy\" decoding=\"async\" width=\"2048\" height=\"1365\" src=\"https:\/\/acsyslaser.com\/wp-content\/uploads\/ACSYS_Webseite_Infocenter_Messen_AMB26.png\" class=\"attachment-post-thumbnail size-post-thumbnail wp-post-image\" alt=\"AMB Stuttgart 2026\" style=\"object-fit:cover;\" srcset=\"https:\/\/acsyslaser.com\/wp-content\/uploads\/ACSYS_Webseite_Infocenter_Messen_AMB26.png 2048w, https:\/\/acsyslaser.com\/wp-content\/uploads\/ACSYS_Webseite_Infocenter_Messen_AMB26-300x200.png 300w, https:\/\/acsyslaser.com\/wp-content\/uploads\/ACSYS_Webseite_Infocenter_Messen_AMB26-1024x683.png 1024w, https:\/\/acsyslaser.com\/wp-content\/uploads\/ACSYS_Webseite_Infocenter_Messen_AMB26-768x512.png 768w, https:\/\/acsyslaser.com\/wp-content\/uploads\/ACSYS_Webseite_Infocenter_Messen_AMB26-1536x1024.png 1536w\" sizes=\"auto, (max-width: 2048px) 100vw, 2048px\" \/><\/a><\/figure><\/div>\n\n\n\n<div class=\"wp-block-column is-layout-flow wp-block-column-is-layout-flow\" style=\"flex-basis:66.66%\"><h2 class=\"wp-block-post-title has-large-font-size\"><a href=\"https:\/\/acsyslaser.com\/fr\/non-classifiee\/amb-stuttgart-2026\/\" target=\"_self\" >AMB Stuttgart 2026<\/a><\/h2>\n\n<div class=\"wp-block-post-excerpt\"><p class=\"wp-block-post-excerpt__excerpt\">15.09. &#8211; 19.09.2026, Stuttgart (Allemagne)<\/p><p class=\"wp-block-post-excerpt__more-text\"><a class=\"wp-block-post-excerpt__more-link\" href=\"https:\/\/acsyslaser.com\/fr\/non-classifiee\/amb-stuttgart-2026\/\">En savoir plus<\/a><\/p><\/div><\/div>\n<\/div>\n\n<\/li><\/ul>\n\n\n\n<\/div>\n<\/div>\n\n\n\n<div class=\"wp-block-group alignfull is-style-overlapping-behind has-global-padding is-layout-constrained wp-container-core-group-is-layout-3730fa20 wp-block-group-is-layout-constrained\" style=\"margin-bottom:var(--wp--preset--spacing--60);padding-top:0;padding-right:0;padding-bottom:0;padding-left:0\">\n<div class=\"wp-block-group alignfull is-style-mask-top has-secondary-background-color has-background has-global-padding is-layout-constrained wp-block-group-is-layout-constrained\" style=\"margin-top:0;margin-bottom:0;padding-top:var(--wp--preset--spacing--70)\"><\/div>\n\n\n\n<div class=\"wp-block-group alignfull is-style-default has-secondary-background-color has-background has-global-padding is-layout-constrained wp-container-core-group-is-layout-9eb6751a wp-block-group-is-layout-constrained\" style=\"margin-top:0;margin-bottom:0;padding-top:var(--wp--preset--spacing--50);padding-right:var(--wp--preset--spacing--30);padding-bottom:var(--wp--preset--spacing--50);padding-left:var(--wp--preset--spacing--30)\">\n<h2 class=\"wp-block-heading has-text-align-center\">Vous cherchez un interlocuteur personnel ?<\/h2>\n\n\n\n<p class=\"has-text-align-center\">Nos experts ACSYS sont \u00e0 votre disposition pour r\u00e9pondre \u00e0 vos questions.<\/p>\n\n\n\n<div class=\"wp-block-buttons is-content-justification-center is-layout-flex wp-container-core-buttons-is-layout-a89b3969 wp-block-buttons-is-layout-flex\">\n<div class=\"wp-block-button\"><a class=\"wp-block-button__link has-text-align-center wp-element-button\" href=\"https:\/\/acsyslaser.com\/fr\/contacter\/personne-a-contacter\/\">Trouver un contact<\/a><\/div>\n<\/div>\n<\/div>\n<\/div>\n","protected":false},"excerpt":{"rendered":"<p>Salons et \u00e9v\u00e9nements ACSYS participe en tant qu&rsquo;exposant \u00e0 diff\u00e9rents \u00e9v\u00e9nements professionnels dans le monde entier. L&rsquo;aper\u00e7u ci-dessous vous donne un aper\u00e7u des principales dates&#8230;<\/p>\n","protected":false},"author":2,"featured_media":0,"parent":9720,"menu_order":2,"comment_status":"closed","ping_status":"closed","template":"","meta":{"_acf_changed":false,"inline_featured_image":false,"footnotes":""},"industry":[],"process":[],"class_list":["post-10211","page","type-page","status-publish","hentry"],"acf":[],"yoast_head":"<!-- This site is optimized with the Yoast SEO plugin v26.9 - https:\/\/yoast.com\/product\/yoast-seo-wordpress\/ -->\n<title>Salons et \u00e9v\u00e9nements - ACSYS Lasertechnik GmbH<\/title>\n<meta name=\"description\" content=\"Notre aper\u00e7u des principaux rendez-vous, salons et \u00e9v\u00e9nements au cours desquels vous pourrez nous rencontrer personnellement.\" \/>\n<meta name=\"robots\" content=\"index, follow, max-snippet:-1, max-image-preview:large, max-video-preview:-1\" \/>\n<link rel=\"canonical\" href=\"https:\/\/acsyslaser.com\/fr\/centre-dinformation\/salons-et-evenements\/\" \/>\n<meta property=\"og:locale\" content=\"fr_FR\" \/>\n<meta property=\"og:type\" content=\"article\" \/>\n<meta property=\"og:title\" content=\"Salons et \u00e9v\u00e9nements - ACSYS Lasertechnik GmbH\" \/>\n<meta property=\"og:description\" content=\"Notre aper\u00e7u des principaux rendez-vous, salons et \u00e9v\u00e9nements au cours desquels vous pourrez nous rencontrer personnellement.\" \/>\n<meta property=\"og:url\" content=\"https:\/\/acsyslaser.com\/fr\/centre-dinformation\/salons-et-evenements\/\" \/>\n<meta property=\"og:site_name\" content=\"ACSYS Lasertechnik GmbH\" \/>\n<meta property=\"article:modified_time\" content=\"2025-07-24T13:44:32+00:00\" \/>\n<meta property=\"og:image\" content=\"https:\/\/acsyslaser.com\/wp-content\/uploads\/Rahmenvorlage_Webseite_bilder_header-scaled.webp\" \/>\n\t<meta property=\"og:image:width\" content=\"2560\" \/>\n\t<meta property=\"og:image:height\" content=\"873\" \/>\n\t<meta property=\"og:image:type\" content=\"image\/jpeg\" \/>\n<meta name=\"twitter:card\" content=\"summary_large_image\" \/>\n<meta name=\"twitter:label1\" content=\"Dur\u00e9e de lecture estim\u00e9e\" \/>\n\t<meta name=\"twitter:data1\" content=\"2 minutes\" \/>\n<script type=\"application\/ld+json\" class=\"yoast-schema-graph\">{\"@context\":\"https:\/\/schema.org\",\"@graph\":[{\"@type\":\"WebPage\",\"@id\":\"https:\/\/acsyslaser.com\/fr\/centre-dinformation\/salons-et-evenements\/\",\"url\":\"https:\/\/acsyslaser.com\/fr\/centre-dinformation\/salons-et-evenements\/\",\"name\":\"Salons et \u00e9v\u00e9nements - ACSYS Lasertechnik GmbH\",\"isPartOf\":{\"@id\":\"https:\/\/acsyslaser.com\/fr\/#website\"},\"primaryImageOfPage\":{\"@id\":\"https:\/\/acsyslaser.com\/fr\/centre-dinformation\/salons-et-evenements\/#primaryimage\"},\"image\":{\"@id\":\"https:\/\/acsyslaser.com\/fr\/centre-dinformation\/salons-et-evenements\/#primaryimage\"},\"thumbnailUrl\":\"https:\/\/acsyslaser.com\/\/wp-content\/uploads\/Rahmenvorlage_Webseite_bilder_header-scaled.webp\",\"datePublished\":\"2023-09-27T12:10:33+00:00\",\"dateModified\":\"2025-07-24T13:44:32+00:00\",\"description\":\"Notre aper\u00e7u des principaux rendez-vous, salons et \u00e9v\u00e9nements au cours desquels vous pourrez nous rencontrer personnellement.\",\"breadcrumb\":{\"@id\":\"https:\/\/acsyslaser.com\/fr\/centre-dinformation\/salons-et-evenements\/#breadcrumb\"},\"inLanguage\":\"fr-FR\",\"potentialAction\":[{\"@type\":\"ReadAction\",\"target\":[\"https:\/\/acsyslaser.com\/fr\/centre-dinformation\/salons-et-evenements\/\"]}]},{\"@type\":\"ImageObject\",\"inLanguage\":\"fr-FR\",\"@id\":\"https:\/\/acsyslaser.com\/fr\/centre-dinformation\/salons-et-evenements\/#primaryimage\",\"url\":\"https:\/\/acsyslaser.com\/\/wp-content\/uploads\/Rahmenvorlage_Webseite_bilder_header-scaled.webp\",\"contentUrl\":\"https:\/\/acsyslaser.com\/\/wp-content\/uploads\/Rahmenvorlage_Webseite_bilder_header-scaled.webp\"},{\"@type\":\"BreadcrumbList\",\"@id\":\"https:\/\/acsyslaser.com\/fr\/centre-dinformation\/salons-et-evenements\/#breadcrumb\",\"itemListElement\":[{\"@type\":\"ListItem\",\"position\":1,\"name\":\"Startseite\",\"item\":\"https:\/\/acsyslaser.com\/fr\/\"},{\"@type\":\"ListItem\",\"position\":2,\"name\":\"Centre d&#8217;information\",\"item\":\"https:\/\/acsyslaser.com\/fr\/centre-dinformation\/\"},{\"@type\":\"ListItem\",\"position\":3,\"name\":\"Salons et \u00e9v\u00e9nements\"}]},{\"@type\":\"WebSite\",\"@id\":\"https:\/\/acsyslaser.com\/fr\/#website\",\"url\":\"https:\/\/acsyslaser.com\/fr\/\",\"name\":\"ACSYS Lasertechnik GmbH\",\"description\":\"\",\"publisher\":{\"@id\":\"https:\/\/acsyslaser.com\/fr\/#organization\"},\"potentialAction\":[{\"@type\":\"SearchAction\",\"target\":{\"@type\":\"EntryPoint\",\"urlTemplate\":\"https:\/\/acsyslaser.com\/fr\/?s={search_term_string}\"},\"query-input\":{\"@type\":\"PropertyValueSpecification\",\"valueRequired\":true,\"valueName\":\"search_term_string\"}}],\"inLanguage\":\"fr-FR\"},{\"@type\":\"Organization\",\"@id\":\"https:\/\/acsyslaser.com\/fr\/#organization\",\"name\":\"ACSYS Lasertechnik GmbH\",\"url\":\"https:\/\/acsyslaser.com\/fr\/\",\"logo\":{\"@type\":\"ImageObject\",\"inLanguage\":\"fr-FR\",\"@id\":\"https:\/\/acsyslaser.com\/fr\/#\/schema\/logo\/image\/\",\"url\":\"https:\/\/acsyslaser.com\/wp-content\/uploads\/logo-acsys-100x20-1.png\",\"contentUrl\":\"https:\/\/acsyslaser.com\/wp-content\/uploads\/logo-acsys-100x20-1.png\",\"width\":100,\"height\":20,\"caption\":\"ACSYS Lasertechnik GmbH\"},\"image\":{\"@id\":\"https:\/\/acsyslaser.com\/fr\/#\/schema\/logo\/image\/\"},\"sameAs\":[\"https:\/\/de.linkedin.com\/company\/acsyslaser\",\"https:\/\/www.youtube.com\/user\/ACSYSLaser\"]}]}<\/script>\n<!-- \/ Yoast SEO plugin. -->","yoast_head_json":{"title":"Salons et \u00e9v\u00e9nements - ACSYS Lasertechnik GmbH","description":"Notre aper\u00e7u des principaux rendez-vous, salons et \u00e9v\u00e9nements au cours desquels vous pourrez nous rencontrer personnellement.","robots":{"index":"index","follow":"follow","max-snippet":"max-snippet:-1","max-image-preview":"max-image-preview:large","max-video-preview":"max-video-preview:-1"},"canonical":"https:\/\/acsyslaser.com\/fr\/centre-dinformation\/salons-et-evenements\/","og_locale":"fr_FR","og_type":"article","og_title":"Salons et \u00e9v\u00e9nements - ACSYS Lasertechnik GmbH","og_description":"Notre aper\u00e7u des principaux rendez-vous, salons et \u00e9v\u00e9nements au cours desquels vous pourrez nous rencontrer personnellement.","og_url":"https:\/\/acsyslaser.com\/fr\/centre-dinformation\/salons-et-evenements\/","og_site_name":"ACSYS Lasertechnik GmbH","article_modified_time":"2025-07-24T13:44:32+00:00","og_image":[{"width":2560,"height":873,"url":"https:\/\/acsyslaser.com\/wp-content\/uploads\/Rahmenvorlage_Webseite_bilder_header-scaled.webp","type":"image\/jpeg"}],"twitter_card":"summary_large_image","twitter_misc":{"Dur\u00e9e de lecture estim\u00e9e":"2 minutes"},"schema":{"@context":"https:\/\/schema.org","@graph":[{"@type":"WebPage","@id":"https:\/\/acsyslaser.com\/fr\/centre-dinformation\/salons-et-evenements\/","url":"https:\/\/acsyslaser.com\/fr\/centre-dinformation\/salons-et-evenements\/","name":"Salons et \u00e9v\u00e9nements - ACSYS Lasertechnik GmbH","isPartOf":{"@id":"https:\/\/acsyslaser.com\/fr\/#website"},"primaryImageOfPage":{"@id":"https:\/\/acsyslaser.com\/fr\/centre-dinformation\/salons-et-evenements\/#primaryimage"},"image":{"@id":"https:\/\/acsyslaser.com\/fr\/centre-dinformation\/salons-et-evenements\/#primaryimage"},"thumbnailUrl":"https:\/\/acsyslaser.com\/\/wp-content\/uploads\/Rahmenvorlage_Webseite_bilder_header-scaled.webp","datePublished":"2023-09-27T12:10:33+00:00","dateModified":"2025-07-24T13:44:32+00:00","description":"Notre aper\u00e7u des principaux rendez-vous, salons et \u00e9v\u00e9nements au cours desquels vous pourrez nous rencontrer personnellement.","breadcrumb":{"@id":"https:\/\/acsyslaser.com\/fr\/centre-dinformation\/salons-et-evenements\/#breadcrumb"},"inLanguage":"fr-FR","potentialAction":[{"@type":"ReadAction","target":["https:\/\/acsyslaser.com\/fr\/centre-dinformation\/salons-et-evenements\/"]}]},{"@type":"ImageObject","inLanguage":"fr-FR","@id":"https:\/\/acsyslaser.com\/fr\/centre-dinformation\/salons-et-evenements\/#primaryimage","url":"https:\/\/acsyslaser.com\/\/wp-content\/uploads\/Rahmenvorlage_Webseite_bilder_header-scaled.webp","contentUrl":"https:\/\/acsyslaser.com\/\/wp-content\/uploads\/Rahmenvorlage_Webseite_bilder_header-scaled.webp"},{"@type":"BreadcrumbList","@id":"https:\/\/acsyslaser.com\/fr\/centre-dinformation\/salons-et-evenements\/#breadcrumb","itemListElement":[{"@type":"ListItem","position":1,"name":"Startseite","item":"https:\/\/acsyslaser.com\/fr\/"},{"@type":"ListItem","position":2,"name":"Centre d&#8217;information","item":"https:\/\/acsyslaser.com\/fr\/centre-dinformation\/"},{"@type":"ListItem","position":3,"name":"Salons et \u00e9v\u00e9nements"}]},{"@type":"WebSite","@id":"https:\/\/acsyslaser.com\/fr\/#website","url":"https:\/\/acsyslaser.com\/fr\/","name":"ACSYS Lasertechnik GmbH","description":"","publisher":{"@id":"https:\/\/acsyslaser.com\/fr\/#organization"},"potentialAction":[{"@type":"SearchAction","target":{"@type":"EntryPoint","urlTemplate":"https:\/\/acsyslaser.com\/fr\/?s={search_term_string}"},"query-input":{"@type":"PropertyValueSpecification","valueRequired":true,"valueName":"search_term_string"}}],"inLanguage":"fr-FR"},{"@type":"Organization","@id":"https:\/\/acsyslaser.com\/fr\/#organization","name":"ACSYS Lasertechnik GmbH","url":"https:\/\/acsyslaser.com\/fr\/","logo":{"@type":"ImageObject","inLanguage":"fr-FR","@id":"https:\/\/acsyslaser.com\/fr\/#\/schema\/logo\/image\/","url":"https:\/\/acsyslaser.com\/wp-content\/uploads\/logo-acsys-100x20-1.png","contentUrl":"https:\/\/acsyslaser.com\/wp-content\/uploads\/logo-acsys-100x20-1.png","width":100,"height":20,"caption":"ACSYS Lasertechnik GmbH"},"image":{"@id":"https:\/\/acsyslaser.com\/fr\/#\/schema\/logo\/image\/"},"sameAs":["https:\/\/de.linkedin.com\/company\/acsyslaser","https:\/\/www.youtube.com\/user\/ACSYSLaser"]}]}},"publishpress_future_workflow_manual_trigger":{"enabledWorkflows":[]},"_links":{"self":[{"href":"https:\/\/acsyslaser.com\/fr\/wp-json\/wp\/v2\/pages\/10211","targetHints":{"allow":["GET"]}}],"collection":[{"href":"https:\/\/acsyslaser.com\/fr\/wp-json\/wp\/v2\/pages"}],"about":[{"href":"https:\/\/acsyslaser.com\/fr\/wp-json\/wp\/v2\/types\/page"}],"author":[{"embeddable":true,"href":"https:\/\/acsyslaser.com\/fr\/wp-json\/wp\/v2\/users\/2"}],"replies":[{"embeddable":true,"href":"https:\/\/acsyslaser.com\/fr\/wp-json\/wp\/v2\/comments?post=10211"}],"version-history":[{"count":9,"href":"https:\/\/acsyslaser.com\/fr\/wp-json\/wp\/v2\/pages\/10211\/revisions"}],"predecessor-version":[{"id":14016,"href":"https:\/\/acsyslaser.com\/fr\/wp-json\/wp\/v2\/pages\/10211\/revisions\/14016"}],"up":[{"embeddable":true,"href":"https:\/\/acsyslaser.com\/fr\/wp-json\/wp\/v2\/pages\/9720"}],"wp:attachment":[{"href":"https:\/\/acsyslaser.com\/fr\/wp-json\/wp\/v2\/media?parent=10211"}],"wp:term":[{"taxonomy":"industry","embeddable":true,"href":"https:\/\/acsyslaser.com\/fr\/wp-json\/wp\/v2\/industry?post=10211"},{"taxonomy":"process","embeddable":true,"href":"https:\/\/acsyslaser.com\/fr\/wp-json\/wp\/v2\/process?post=10211"}],"curies":[{"name":"wp","href":"https:\/\/api.w.org\/{rel}","templated":true}]}}